{"id":1833,"date":"2025-11-27T16:06:05","date_gmt":"2025-11-27T16:06:05","guid":{"rendered":"https:\/\/cine-aec.c.wetopi.com\/aec-members\/"},"modified":"2025-12-02T19:46:54","modified_gmt":"2025-12-02T19:46:54","slug":"aec-members","status":"publish","type":"page","link":"https:\/\/www.cineaec.com\/en\/aec-members\/","title":{"rendered":"AEC Members"},"content":{"rendered":"\t\t<div data-elementor-type=\"wp-page\" data-elementor-id=\"1833\" class=\"elementor elementor-1833 elementor-791\" data-elementor-post-type=\"page\">\n\t\t\t\t<div class=\"elementor-element elementor-element-1b76008 e-con-full e-flex e-con e-parent\" data-id=\"1b76008\" data-element_type=\"container\" data-e-type=\"container\" data-settings=\"{&quot;background_background&quot;:&quot;classic&quot;}\">\n\t\t\t\t<div class=\"elementor-element elementor-element-6cd2c40 elementor-align-left elementor-widget elementor-widget-breadcrumbs\" data-id=\"6cd2c40\" data-element_type=\"widget\" data-e-type=\"widget\" data-widget_type=\"breadcrumbs.default\">\n\t\t\t\t\t<p id=\"breadcrumbs\"><span><span><a href=\"https:\/\/www.cineaec.com\/en\/home\/\">Portada<\/a><\/span><\/span><\/p>\t\t\t\t<\/div>\n\t\t\t\t<\/div>\n\t\t<div class=\"elementor-element elementor-element-a2308fb e-flex e-con-boxed e-con e-parent\" data-id=\"a2308fb\" data-element_type=\"container\" data-e-type=\"container\" data-settings=\"{&quot;background_background&quot;:&quot;classic&quot;}\">\n\t\t\t\t\t<div class=\"e-con-inner\">\n\t\t<div class=\"elementor-element elementor-element-08318d8 e-con-full e-flex e-con e-child\" data-id=\"08318d8\" data-element_type=\"container\" data-e-type=\"container\">\n\t\t\t\t<div class=\"elementor-element elementor-element-6f4245b elementor-widget elementor-widget-heading\" data-id=\"6f4245b\" data-element_type=\"widget\" data-e-type=\"widget\" data-widget_type=\"heading.default\">\n\t\t\t\t\t<h1 class=\"elementor-heading-title elementor-size-default\">AEC Members<\/h1>\t\t\t\t<\/div>\n\t\t\t\t<div class=\"elementor-element elementor-element-0f865b0 elementor-widget elementor-widget-button\" data-id=\"0f865b0\" data-element_type=\"widget\" data-e-type=\"widget\" data-widget_type=\"button.default\">\n\t\t\t\t\t\t\t\t\t\t<a class=\"elementor-button elementor-button-link elementor-size-sm\" href=\"https:\/\/www.cineaec.com\/en\/aec-members\/join-aec\/\">\n\t\t\t\t\t\t<span class=\"elementor-button-content-wrapper\">\n\t\t\t\t\t\t<span class=\"elementor-button-icon\">\n\t\t\t\t<svg aria-hidden=\"true\" class=\"e-font-icon-svg e-fas-chevron-right\" viewBox=\"0 0 320 512\" xmlns=\"http:\/\/www.w3.org\/2000\/svg\"><path d=\"M285.476 272.971L91.132 467.314c-9.373 9.373-24.569 9.373-33.941 0l-22.667-22.667c-9.357-9.357-9.375-24.522-.04-33.901L188.505 256 34.484 101.255c-9.335-9.379-9.317-24.544.04-33.901l22.667-22.667c9.373-9.373 24.569-9.373 33.941 0L285.475 239.03c9.373 9.372 9.373 24.568.001 33.941z\"><\/path><\/svg>\t\t\t<\/span>\n\t\t\t\t\t\t\t\t\t<span class=\"elementor-button-text\">Join AEC<\/span>\n\t\t\t\t\t<\/span>\n\t\t\t\t\t<\/a>\n\t\t\t\t\t\t\t\t<\/div>\n\t\t\t\t<\/div>\n\t\t<div class=\"elementor-element elementor-element-9a75787 e-con-full e-flex e-con e-child\" data-id=\"9a75787\" data-element_type=\"container\" data-e-type=\"container\">\n\t\t\t\t<div class=\"elementor-element elementor-element-045cab9 elementor-widget elementor-widget-text-editor\" data-id=\"045cab9\" data-element_type=\"widget\" data-e-type=\"widget\" data-widget_type=\"text-editor.default\">\n\t\t\t\t\t\t\t\t\t<p><strong>We strive for excellence in every frame.<\/strong><\/p><p>We are united by light, and also by shadow, which are our allies in the pursuit of that image, almost always dreamed of, and which makes the hair stand on end when it crosses the retina of the spectator. Even so, we always see failures, which fortunately push us to do better every time we give a painting.<\/p><p>The Spanish Association of Directors of Photography is currently made up of professionals who are grouped into <a href=\"https:\/\/www.cineaec.com\/miembros\/activos\/\">Active Members<\/a>, <a href=\"https:\/\/www.cineaec.com\/miembros\/emeritos\/\">Emeritus Members<\/a> and <a href=\"https:\/\/www.cineaec.com\/miembros\/amigos\/\">Friends of the AEC<\/a> according to their experience and trajectory.<\/p><p>We also count on the support of our <a href=\"https:\/\/www.cineaec.com\/miembros\/protectores\/\">Protector Members<\/a> with whom we actively collaborate, and who make many of our initiatives possible. The AEC also recognizes as <a href=\"https:\/\/www.cineaec.com\/miembros\/emeritos\/\">Honorary Members<\/a> professionals from the world of cinema who have contributed significantly to the development of the sector during their careers.<\/p>\t\t\t\t\t\t\t\t<\/div>\n\t\t\t\t<div class=\"elementor-element elementor-element-776bc7e elementor-align-start elementor-icon-list--layout-traditional elementor-list-item-link-full_width elementor-widget elementor-widget-icon-list\" data-id=\"776bc7e\" data-element_type=\"widget\" data-e-type=\"widget\" data-widget_type=\"icon-list.default\">\n\t\t\t\t\t\t\t<ul class=\"elementor-icon-list-items\">\n\t\t\t\t\t\t\t<li class=\"elementor-icon-list-item\">\n\t\t\t\t\t\t\t\t\t\t\t<a href=\"https:\/\/www.cineaec.com\/miembros\/activos\/\">\n\n\t\t\t\t\t\t\t\t\t\t\t\t<span class=\"elementor-icon-list-icon\">\n\t\t\t\t\t\t\t<svg aria-hidden=\"true\" class=\"e-font-icon-svg e-fas-arrow-right\" viewBox=\"0 0 448 512\" xmlns=\"http:\/\/www.w3.org\/2000\/svg\"><path d=\"M190.5 66.9l22.2-22.2c9.4-9.4 24.6-9.4 33.9 0L441 239c9.4 9.4 9.4 24.6 0 33.9L246.6 467.3c-9.4 9.4-24.6 9.4-33.9 0l-22.2-22.2c-9.5-9.5-9.3-25 .4-34.3L311.4 296H24c-13.3 0-24-10.7-24-24v-32c0-13.3 10.7-24 24-24h287.4L190.9 101.2c-9.8-9.3-10-24.8-.4-34.3z\"><\/path><\/svg>\t\t\t\t\t\t<\/span>\n\t\t\t\t\t\t\t\t\t\t<span class=\"elementor-icon-list-text\">Active members<\/span>\n\t\t\t\t\t\t\t\t\t\t\t<\/a>\n\t\t\t\t\t\t\t\t\t<\/li>\n\t\t\t\t\t\t\t\t<li class=\"elementor-icon-list-item\">\n\t\t\t\t\t\t\t\t\t\t\t<a href=\"https:\/\/www.cineaec.com\/miembros\/emeritos\/\">\n\n\t\t\t\t\t\t\t\t\t\t\t\t<span class=\"elementor-icon-list-icon\">\n\t\t\t\t\t\t\t<svg aria-hidden=\"true\" class=\"e-font-icon-svg e-fas-arrow-right\" viewBox=\"0 0 448 512\" xmlns=\"http:\/\/www.w3.org\/2000\/svg\"><path d=\"M190.5 66.9l22.2-22.2c9.4-9.4 24.6-9.4 33.9 0L441 239c9.4 9.4 9.4 24.6 0 33.9L246.6 467.3c-9.4 9.4-24.6 9.4-33.9 0l-22.2-22.2c-9.5-9.5-9.3-25 .4-34.3L311.4 296H24c-13.3 0-24-10.7-24-24v-32c0-13.3 10.7-24 24-24h287.4L190.9 101.2c-9.8-9.3-10-24.8-.4-34.3z\"><\/path><\/svg>\t\t\t\t\t\t<\/span>\n\t\t\t\t\t\t\t\t\t\t<span class=\"elementor-icon-list-text\">Emeritus Members<\/span>\n\t\t\t\t\t\t\t\t\t\t\t<\/a>\n\t\t\t\t\t\t\t\t\t<\/li>\n\t\t\t\t\t\t\t\t<li class=\"elementor-icon-list-item\">\n\t\t\t\t\t\t\t\t\t\t\t<a href=\"https:\/\/www.cineaec.com\/miembros\/amigos\/\">\n\n\t\t\t\t\t\t\t\t\t\t\t\t<span class=\"elementor-icon-list-icon\">\n\t\t\t\t\t\t\t<svg aria-hidden=\"true\" class=\"e-font-icon-svg e-fas-arrow-right\" viewBox=\"0 0 448 512\" xmlns=\"http:\/\/www.w3.org\/2000\/svg\"><path d=\"M190.5 66.9l22.2-22.2c9.4-9.4 24.6-9.4 33.9 0L441 239c9.4 9.4 9.4 24.6 0 33.9L246.6 467.3c-9.4 9.4-24.6 9.4-33.9 0l-22.2-22.2c-9.5-9.5-9.3-25 .4-34.3L311.4 296H24c-13.3 0-24-10.7-24-24v-32c0-13.3 10.7-24 24-24h287.4L190.9 101.2c-9.8-9.3-10-24.8-.4-34.3z\"><\/path><\/svg>\t\t\t\t\t\t<\/span>\n\t\t\t\t\t\t\t\t\t\t<span class=\"elementor-icon-list-text\">Friends<\/span>\n\t\t\t\t\t\t\t\t\t\t\t<\/a>\n\t\t\t\t\t\t\t\t\t<\/li>\n\t\t\t\t\t\t\t\t<li class=\"elementor-icon-list-item\">\n\t\t\t\t\t\t\t\t\t\t\t<a href=\"https:\/\/www.cineaec.com\/miembros\/in-memoriam\/\">\n\n\t\t\t\t\t\t\t\t\t\t\t\t<span class=\"elementor-icon-list-icon\">\n\t\t\t\t\t\t\t<svg aria-hidden=\"true\" class=\"e-font-icon-svg e-fas-arrow-right\" viewBox=\"0 0 448 512\" xmlns=\"http:\/\/www.w3.org\/2000\/svg\"><path d=\"M190.5 66.9l22.2-22.2c9.4-9.4 24.6-9.4 33.9 0L441 239c9.4 9.4 9.4 24.6 0 33.9L246.6 467.3c-9.4 9.4-24.6 9.4-33.9 0l-22.2-22.2c-9.5-9.5-9.3-25 .4-34.3L311.4 296H24c-13.3 0-24-10.7-24-24v-32c0-13.3 10.7-24 24-24h287.4L190.9 101.2c-9.8-9.3-10-24.8-.4-34.3z\"><\/path><\/svg>\t\t\t\t\t\t<\/span>\n\t\t\t\t\t\t\t\t\t\t<span class=\"elementor-icon-list-text\">In Memoriam<\/span>\n\t\t\t\t\t\t\t\t\t\t\t<\/a>\n\t\t\t\t\t\t\t\t\t<\/li>\n\t\t\t\t\t\t\t\t<li class=\"elementor-icon-list-item\">\n\t\t\t\t\t\t\t\t\t\t\t<a href=\"https:\/\/www.cineaec.com\/miembros\/protectores\/\">\n\n\t\t\t\t\t\t\t\t\t\t\t\t<span class=\"elementor-icon-list-icon\">\n\t\t\t\t\t\t\t<svg aria-hidden=\"true\" class=\"e-font-icon-svg e-fas-arrow-right\" viewBox=\"0 0 448 512\" xmlns=\"http:\/\/www.w3.org\/2000\/svg\"><path d=\"M190.5 66.9l22.2-22.2c9.4-9.4 24.6-9.4 33.9 0L441 239c9.4 9.4 9.4 24.6 0 33.9L246.6 467.3c-9.4 9.4-24.6 9.4-33.9 0l-22.2-22.2c-9.5-9.5-9.3-25 .4-34.3L311.4 296H24c-13.3 0-24-10.7-24-24v-32c0-13.3 10.7-24 24-24h287.4L190.9 101.2c-9.8-9.3-10-24.8-.4-34.3z\"><\/path><\/svg>\t\t\t\t\t\t<\/span>\n\t\t\t\t\t\t\t\t\t\t<span class=\"elementor-icon-list-text\">Protective members<\/span>\n\t\t\t\t\t\t\t\t\t\t\t<\/a>\n\t\t\t\t\t\t\t\t\t<\/li>\n\t\t\t\t\t\t<\/ul>\n\t\t\t\t\t\t<\/div>\n\t\t\t\t<\/div>\n\t\t\t\t\t<\/div>\n\t\t\t\t<\/div>\n\t\t\t\t<\/div>\n\t\t","protected":false},"excerpt":{"rendered":"<p>AEC Members Join AEC We strive for excellence in every frame. We are united by light, and also by shadow, which are our allies in the pursuit of that image, almost always dreamed of, and which makes the hair stand on end when it crosses the retina of the spectator. Even so, we always see [&hellip;]<\/p>\n","protected":false},"author":2,"featured_media":1834,"parent":0,"menu_order":0,"comment_status":"closed","ping_status":"closed","template":"","meta":{"_acf_changed":false,"footnotes":""},"class_list":["post-1833","page","type-page","status-publish","has-post-thumbnail","hentry"],"acf":[],"yoast_head":"<!-- This site is optimized with the Yoast SEO plugin v27.2 - https:\/\/yoast.com\/product\/yoast-seo-wordpress\/ -->\n<title>AEC% -% ACS Members<\/title>\n<meta name=\"description\" content=\"The AEC is composed of professionals who, according to their experience and trajectory, are grouped into Active, Emeritus and Friends of the AEC.\" \/>\n<meta name=\"robots\" content=\"index, follow, max-snippet:-1, max-image-preview:large, max-video-preview:-1\" \/>\n<link rel=\"canonical\" href=\"https:\/\/www.cineaec.com\/en\/aec-members\/\" \/>\n<meta property=\"og:locale\" content=\"en_US\" \/>\n<meta property=\"og:type\" content=\"article\" \/>\n<meta property=\"og:title\" content=\"AEC% -% ACS Members\" \/>\n<meta property=\"og:description\" content=\"The AEC is composed of professionals who, according to their experience and trajectory, are grouped into Active, Emeritus and Friends of the AEC.\" \/>\n<meta property=\"og:url\" content=\"https:\/\/www.cineaec.com\/en\/aec-members\/\" \/>\n<meta property=\"og:site_name\" content=\"AEC\" \/>\n<meta property=\"article:modified_time\" content=\"2025-12-02T19:46:54+00:00\" \/>\n<meta property=\"og:image\" content=\"https:\/\/www.cineaec.com\/wp-content\/uploads\/2025\/11\/AEC-imagen-recurso-1.webp\" \/>\n\t<meta property=\"og:image:width\" content=\"1920\" \/>\n\t<meta property=\"og:image:height\" content=\"920\" \/>\n\t<meta property=\"og:image:type\" content=\"image\/webp\" \/>\n<meta name=\"twitter:card\" content=\"summary_large_image\" \/>\n<meta name=\"twitter:label1\" content=\"Est. reading time\" \/>\n\t<meta name=\"twitter:data1\" content=\"1 minute\" \/>\n<script type=\"application\/ld+json\" class=\"yoast-schema-graph\">{\"@context\":\"https:\/\/schema.org\",\"@graph\":[{\"@type\":\"WebPage\",\"@id\":\"https:\/\/www.cineaec.com\/en\/aec-members\/\",\"url\":\"https:\/\/www.cineaec.com\/en\/aec-members\/\",\"name\":\"AEC% -% ACS Members\",\"isPartOf\":{\"@id\":\"https:\/\/www.cineaec.com\/en\/#website\"},\"primaryImageOfPage\":{\"@id\":\"https:\/\/www.cineaec.com\/en\/aec-members\/#primaryimage\"},\"image\":{\"@id\":\"https:\/\/www.cineaec.com\/en\/aec-members\/#primaryimage\"},\"thumbnailUrl\":\"https:\/\/www.cineaec.com\/wp-content\/uploads\/2025\/11\/AEC-imagen-recurso-1.webp\",\"datePublished\":\"2025-11-27T16:06:05+00:00\",\"dateModified\":\"2025-12-02T19:46:54+00:00\",\"description\":\"The AEC is composed of professionals who, according to their experience and trajectory, are grouped into Active, Emeritus and Friends of the AEC.\",\"breadcrumb\":{\"@id\":\"https:\/\/www.cineaec.com\/en\/aec-members\/#breadcrumb\"},\"inLanguage\":\"en-US\",\"potentialAction\":[{\"@type\":\"ReadAction\",\"target\":[\"https:\/\/www.cineaec.com\/en\/aec-members\/\"]}]},{\"@type\":\"ImageObject\",\"inLanguage\":\"en-US\",\"@id\":\"https:\/\/www.cineaec.com\/en\/aec-members\/#primaryimage\",\"url\":\"https:\/\/www.cineaec.com\/wp-content\/uploads\/2025\/11\/AEC-imagen-recurso-1.webp\",\"contentUrl\":\"https:\/\/www.cineaec.com\/wp-content\/uploads\/2025\/11\/AEC-imagen-recurso-1.webp\",\"width\":1920,\"height\":920},{\"@type\":\"BreadcrumbList\",\"@id\":\"https:\/\/www.cineaec.com\/en\/aec-members\/#breadcrumb\",\"itemListElement\":[{\"@type\":\"ListItem\",\"position\":1,\"name\":\"Portada\",\"item\":\"https:\/\/www.cineaec.com\/en\/home\/\"},{\"@type\":\"ListItem\",\"position\":2,\"name\":\"AEC Members\"}]},{\"@type\":\"WebSite\",\"@id\":\"https:\/\/www.cineaec.com\/en\/#website\",\"url\":\"https:\/\/www.cineaec.com\/en\/\",\"name\":\"AEC\",\"description\":\"sociaci\u00f3n Espa\u00f1ola de Directoras y Directores de Fotograf\u00eda.\",\"publisher\":{\"@id\":\"https:\/\/www.cineaec.com\/en\/#organization\"},\"potentialAction\":[{\"@type\":\"SearchAction\",\"target\":{\"@type\":\"EntryPoint\",\"urlTemplate\":\"https:\/\/www.cineaec.com\/en\/?s={search_term_string}\"},\"query-input\":{\"@type\":\"PropertyValueSpecification\",\"valueRequired\":true,\"valueName\":\"search_term_string\"}}],\"inLanguage\":\"en-US\"},{\"@type\":\"Organization\",\"@id\":\"https:\/\/www.cineaec.com\/en\/#organization\",\"name\":\"AEC\",\"url\":\"https:\/\/www.cineaec.com\/en\/\",\"logo\":{\"@type\":\"ImageObject\",\"inLanguage\":\"en-US\",\"@id\":\"https:\/\/www.cineaec.com\/en\/#\/schema\/logo\/image\/\",\"url\":\"https:\/\/www.cineaec.com\/wp-content\/uploads\/2025\/11\/logo-AEC.svg\",\"contentUrl\":\"https:\/\/www.cineaec.com\/wp-content\/uploads\/2025\/11\/logo-AEC.svg\",\"caption\":\"AEC\"},\"image\":{\"@id\":\"https:\/\/www.cineaec.com\/en\/#\/schema\/logo\/image\/\"}}]}<\/script>\n<!-- \/ Yoast SEO plugin. -->","yoast_head_json":{"title":"AEC% -% ACS Members","description":"The AEC is composed of professionals who, according to their experience and trajectory, are grouped into Active, Emeritus and Friends of the AEC.","robots":{"index":"index","follow":"follow","max-snippet":"max-snippet:-1","max-image-preview":"max-image-preview:large","max-video-preview":"max-video-preview:-1"},"canonical":"https:\/\/www.cineaec.com\/en\/aec-members\/","og_locale":"en_US","og_type":"article","og_title":"AEC% -% ACS Members","og_description":"The AEC is composed of professionals who, according to their experience and trajectory, are grouped into Active, Emeritus and Friends of the AEC.","og_url":"https:\/\/www.cineaec.com\/en\/aec-members\/","og_site_name":"AEC","article_modified_time":"2025-12-02T19:46:54+00:00","og_image":[{"width":1920,"height":920,"url":"https:\/\/www.cineaec.com\/wp-content\/uploads\/2025\/11\/AEC-imagen-recurso-1.webp","type":"image\/webp"}],"twitter_card":"summary_large_image","twitter_misc":{"Est. reading time":"1 minute"},"schema":{"@context":"https:\/\/schema.org","@graph":[{"@type":"WebPage","@id":"https:\/\/www.cineaec.com\/en\/aec-members\/","url":"https:\/\/www.cineaec.com\/en\/aec-members\/","name":"AEC% -% ACS Members","isPartOf":{"@id":"https:\/\/www.cineaec.com\/en\/#website"},"primaryImageOfPage":{"@id":"https:\/\/www.cineaec.com\/en\/aec-members\/#primaryimage"},"image":{"@id":"https:\/\/www.cineaec.com\/en\/aec-members\/#primaryimage"},"thumbnailUrl":"https:\/\/www.cineaec.com\/wp-content\/uploads\/2025\/11\/AEC-imagen-recurso-1.webp","datePublished":"2025-11-27T16:06:05+00:00","dateModified":"2025-12-02T19:46:54+00:00","description":"The AEC is composed of professionals who, according to their experience and trajectory, are grouped into Active, Emeritus and Friends of the AEC.","breadcrumb":{"@id":"https:\/\/www.cineaec.com\/en\/aec-members\/#breadcrumb"},"inLanguage":"en-US","potentialAction":[{"@type":"ReadAction","target":["https:\/\/www.cineaec.com\/en\/aec-members\/"]}]},{"@type":"ImageObject","inLanguage":"en-US","@id":"https:\/\/www.cineaec.com\/en\/aec-members\/#primaryimage","url":"https:\/\/www.cineaec.com\/wp-content\/uploads\/2025\/11\/AEC-imagen-recurso-1.webp","contentUrl":"https:\/\/www.cineaec.com\/wp-content\/uploads\/2025\/11\/AEC-imagen-recurso-1.webp","width":1920,"height":920},{"@type":"BreadcrumbList","@id":"https:\/\/www.cineaec.com\/en\/aec-members\/#breadcrumb","itemListElement":[{"@type":"ListItem","position":1,"name":"Portada","item":"https:\/\/www.cineaec.com\/en\/home\/"},{"@type":"ListItem","position":2,"name":"AEC Members"}]},{"@type":"WebSite","@id":"https:\/\/www.cineaec.com\/en\/#website","url":"https:\/\/www.cineaec.com\/en\/","name":"AEC","description":"sociaci\u00f3n Espa\u00f1ola de Directoras y Directores de Fotograf\u00eda.","publisher":{"@id":"https:\/\/www.cineaec.com\/en\/#organization"},"potentialAction":[{"@type":"SearchAction","target":{"@type":"EntryPoint","urlTemplate":"https:\/\/www.cineaec.com\/en\/?s={search_term_string}"},"query-input":{"@type":"PropertyValueSpecification","valueRequired":true,"valueName":"search_term_string"}}],"inLanguage":"en-US"},{"@type":"Organization","@id":"https:\/\/www.cineaec.com\/en\/#organization","name":"AEC","url":"https:\/\/www.cineaec.com\/en\/","logo":{"@type":"ImageObject","inLanguage":"en-US","@id":"https:\/\/www.cineaec.com\/en\/#\/schema\/logo\/image\/","url":"https:\/\/www.cineaec.com\/wp-content\/uploads\/2025\/11\/logo-AEC.svg","contentUrl":"https:\/\/www.cineaec.com\/wp-content\/uploads\/2025\/11\/logo-AEC.svg","caption":"AEC"},"image":{"@id":"https:\/\/www.cineaec.com\/en\/#\/schema\/logo\/image\/"}}]}},"_links":{"self":[{"href":"https:\/\/www.cineaec.com\/en\/wp-json\/wp\/v2\/pages\/1833","targetHints":{"allow":["GET"]}}],"collection":[{"href":"https:\/\/www.cineaec.com\/en\/wp-json\/wp\/v2\/pages"}],"about":[{"href":"https:\/\/www.cineaec.com\/en\/wp-json\/wp\/v2\/types\/page"}],"author":[{"embeddable":true,"href":"https:\/\/www.cineaec.com\/en\/wp-json\/wp\/v2\/users\/2"}],"replies":[{"embeddable":true,"href":"https:\/\/www.cineaec.com\/en\/wp-json\/wp\/v2\/comments?post=1833"}],"version-history":[{"count":1,"href":"https:\/\/www.cineaec.com\/en\/wp-json\/wp\/v2\/pages\/1833\/revisions"}],"predecessor-version":[{"id":1835,"href":"https:\/\/www.cineaec.com\/en\/wp-json\/wp\/v2\/pages\/1833\/revisions\/1835"}],"wp:featuredmedia":[{"embeddable":true,"href":"https:\/\/www.cineaec.com\/en\/wp-json\/wp\/v2\/media\/1834"}],"wp:attachment":[{"href":"https:\/\/www.cineaec.com\/en\/wp-json\/wp\/v2\/media?parent=1833"}],"curies":[{"name":"wp","href":"https:\/\/api.w.org\/{rel}","templated":true}]}}