{"id":1839,"date":"2025-12-02T18:13:36","date_gmt":"2025-12-02T18:13:36","guid":{"rendered":"https:\/\/cine-aec.c.wetopi.com\/publications\/articles\/"},"modified":"2025-12-02T19:48:04","modified_gmt":"2025-12-02T19:48:04","slug":"articles","status":"publish","type":"page","link":"https:\/\/www.cineaec.com\/en\/publications\/articles\/","title":{"rendered":"Articles"},"content":{"rendered":"\t\t<div data-elementor-type=\"wp-page\" data-elementor-id=\"1839\" class=\"elementor elementor-1839 elementor-1654\" data-elementor-post-type=\"page\">\n\t\t\t\t<div class=\"elementor-element elementor-element-08bc9d1 e-con-full e-flex e-con e-parent\" data-id=\"08bc9d1\" data-element_type=\"container\" data-e-type=\"container\" data-settings=\"{&quot;background_background&quot;:&quot;classic&quot;}\">\n\t\t\t\t<div class=\"elementor-element elementor-element-a146e3d elementor-align-left elementor-widget elementor-widget-breadcrumbs\" data-id=\"a146e3d\" data-element_type=\"widget\" data-e-type=\"widget\" data-widget_type=\"breadcrumbs.default\">\n\t\t\t\t\t<p id=\"breadcrumbs\"><span><span><a href=\"https:\/\/www.cineaec.com\/en\/home\/\">Portada<\/a><\/span><\/span><\/p>\t\t\t\t<\/div>\n\t\t\t\t<\/div>\n\t\t<div class=\"elementor-element elementor-element-57c53b7 e-flex e-con-boxed e-con e-parent\" data-id=\"57c53b7\" data-element_type=\"container\" data-e-type=\"container\" data-settings=\"{&quot;background_background&quot;:&quot;classic&quot;}\">\n\t\t\t\t\t<div class=\"e-con-inner\">\n\t\t\t\t<div class=\"elementor-element elementor-element-57dbd9a elementor-widget__width-initial elementor-widget elementor-widget-heading\" data-id=\"57dbd9a\" data-element_type=\"widget\" data-e-type=\"widget\" data-widget_type=\"heading.default\">\n\t\t\t\t\t<h1 class=\"elementor-heading-title elementor-size-default\">Articles<\/h1>\t\t\t\t<\/div>\n\t\t\t\t<div class=\"elementor-element elementor-element-f714a2b elementor-widget__width-initial elementor-widget elementor-widget-text-editor\" data-id=\"f714a2b\" data-element_type=\"widget\" data-e-type=\"widget\" data-widget_type=\"text-editor.default\">\n\t\t\t\t\t\t\t\t\t<p><strong>From the AEC we present a selection of articles written by renowned directors of photography.<\/strong><\/p><p>Through his own words, you can discover the creative processes, technical decisions and experiences behind some of the most memorable images on screen.  <\/p>\t\t\t\t\t\t\t\t<\/div>\n\t\t\t\t\t<\/div>\n\t\t\t\t<\/div>\n\t\t<div class=\"elementor-element elementor-element-679c72c e-flex e-con-boxed e-con e-parent\" data-id=\"679c72c\" data-element_type=\"container\" data-e-type=\"container\">\n\t\t\t\t\t<div class=\"e-con-inner\">\n\t\t\t\t<div class=\"elementor-element elementor-element-dade30b elementor-grid-tablet-3 elementor-grid-3 elementor-grid-mobile-1 elementor-widget elementor-widget-loop-grid\" data-id=\"dade30b\" data-element_type=\"widget\" data-e-type=\"widget\" data-settings=\"{&quot;template_id&quot;:1651,&quot;columns_tablet&quot;:3,&quot;row_gap&quot;:{&quot;unit&quot;:&quot;px&quot;,&quot;size&quot;:80,&quot;sizes&quot;:[]},&quot;row_gap_mobile&quot;:{&quot;unit&quot;:&quot;px&quot;,&quot;size&quot;:30,&quot;sizes&quot;:[]},&quot;columns&quot;:3,&quot;columns_mobile&quot;:1,&quot;pagination_type&quot;:&quot;numbers&quot;,&quot;_skin&quot;:&quot;post&quot;,&quot;edit_handle_selector&quot;:&quot;[data-elementor-type=\\&quot;loop-item\\&quot;]&quot;,&quot;pagination_load_type&quot;:&quot;page_reload&quot;,&quot;row_gap_tablet&quot;:{&quot;unit&quot;:&quot;px&quot;,&quot;size&quot;:&quot;&quot;,&quot;sizes&quot;:[]}}\" data-widget_type=\"loop-grid.post\">\n\t\t\t\t<div class=\"elementor-widget-container\">\n\t\t\t\t\t\t\t<div class=\"e-loop-nothing-found-message\">\n\t\t<\/div>\n\t\t\t\t\t\t<\/div>\n\t\t\t\t<\/div>\n\t\t\t\t\t<\/div>\n\t\t\t\t<\/div>\n\t\t\t\t<\/div>\n\t\t","protected":false},"excerpt":{"rendered":"<p>Articles From the AEC we present a selection of articles written by renowned directors of photography. Through his own words, you can discover the creative processes, technical decisions and experiences behind some of the most memorable images on screen.<\/p>\n","protected":false},"author":2,"featured_media":1838,"parent":1836,"menu_order":0,"comment_status":"closed","ping_status":"closed","template":"","meta":{"_acf_changed":false,"footnotes":""},"class_list":["post-1839","page","type-page","status-publish","has-post-thumbnail","hentry"],"acf":[],"yoast_head":"<!-- This site is optimized with the Yoast SEO plugin v27.2 - https:\/\/yoast.com\/product\/yoast-seo-wordpress\/ -->\n<title>AEC -% AEC History<\/title>\n<meta name=\"description\" content=\"Since its formation in 1993, the association represents professionals who have taken the art of cinematography to the next level.\" \/>\n<meta name=\"robots\" content=\"index, follow, max-snippet:-1, max-image-preview:large, max-video-preview:-1\" \/>\n<link rel=\"canonical\" href=\"https:\/\/www.cineaec.com\/en\/publications\/articles\/\" \/>\n<meta property=\"og:locale\" content=\"en_US\" \/>\n<meta property=\"og:type\" content=\"article\" \/>\n<meta property=\"og:title\" content=\"AEC -% AEC History\" \/>\n<meta property=\"og:description\" content=\"Since its formation in 1993, the association represents professionals who have taken the art of cinematography to the next level.\" \/>\n<meta property=\"og:url\" content=\"https:\/\/www.cineaec.com\/en\/publications\/articles\/\" \/>\n<meta property=\"og:site_name\" content=\"AEC\" \/>\n<meta property=\"article:modified_time\" content=\"2025-12-02T19:48:04+00:00\" \/>\n<meta property=\"og:image\" content=\"https:\/\/www.cineaec.com\/wp-content\/uploads\/2025\/12\/Cinematografia-artificialmente-inteligente.webp\" \/>\n\t<meta property=\"og:image:width\" content=\"1024\" \/>\n\t<meta property=\"og:image:height\" content=\"1024\" \/>\n\t<meta property=\"og:image:type\" content=\"image\/webp\" \/>\n<meta name=\"twitter:card\" content=\"summary_large_image\" \/>\n<script type=\"application\/ld+json\" class=\"yoast-schema-graph\">{\"@context\":\"https:\/\/schema.org\",\"@graph\":[{\"@type\":\"WebPage\",\"@id\":\"https:\/\/www.cineaec.com\/en\/publications\/articles\/\",\"url\":\"https:\/\/www.cineaec.com\/en\/publications\/articles\/\",\"name\":\"AEC -% AEC History\",\"isPartOf\":{\"@id\":\"https:\/\/www.cineaec.com\/en\/#website\"},\"primaryImageOfPage\":{\"@id\":\"https:\/\/www.cineaec.com\/en\/publications\/articles\/#primaryimage\"},\"image\":{\"@id\":\"https:\/\/www.cineaec.com\/en\/publications\/articles\/#primaryimage\"},\"thumbnailUrl\":\"https:\/\/www.cineaec.com\/wp-content\/uploads\/2025\/12\/Cinematografia-artificialmente-inteligente.webp\",\"datePublished\":\"2025-12-02T18:13:36+00:00\",\"dateModified\":\"2025-12-02T19:48:04+00:00\",\"description\":\"Since its formation in 1993, the association represents professionals who have taken the art of cinematography to the next level.\",\"breadcrumb\":{\"@id\":\"https:\/\/www.cineaec.com\/en\/publications\/articles\/#breadcrumb\"},\"inLanguage\":\"en-US\",\"potentialAction\":[{\"@type\":\"ReadAction\",\"target\":[\"https:\/\/www.cineaec.com\/en\/publications\/articles\/\"]}]},{\"@type\":\"ImageObject\",\"inLanguage\":\"en-US\",\"@id\":\"https:\/\/www.cineaec.com\/en\/publications\/articles\/#primaryimage\",\"url\":\"https:\/\/www.cineaec.com\/wp-content\/uploads\/2025\/12\/Cinematografia-artificialmente-inteligente.webp\",\"contentUrl\":\"https:\/\/www.cineaec.com\/wp-content\/uploads\/2025\/12\/Cinematografia-artificialmente-inteligente.webp\",\"width\":1024,\"height\":1024},{\"@type\":\"BreadcrumbList\",\"@id\":\"https:\/\/www.cineaec.com\/en\/publications\/articles\/#breadcrumb\",\"itemListElement\":[{\"@type\":\"ListItem\",\"position\":1,\"name\":\"Portada\",\"item\":\"https:\/\/www.cineaec.com\/en\/home\/\"},{\"@type\":\"ListItem\",\"position\":2,\"name\":\"Publications\",\"item\":\"https:\/\/www.cineaec.com\/en\/publications\/\"},{\"@type\":\"ListItem\",\"position\":3,\"name\":\"Articles\"}]},{\"@type\":\"WebSite\",\"@id\":\"https:\/\/www.cineaec.com\/en\/#website\",\"url\":\"https:\/\/www.cineaec.com\/en\/\",\"name\":\"AEC\",\"description\":\"sociaci\u00f3n Espa\u00f1ola de Directoras y Directores de Fotograf\u00eda.\",\"publisher\":{\"@id\":\"https:\/\/www.cineaec.com\/en\/#organization\"},\"potentialAction\":[{\"@type\":\"SearchAction\",\"target\":{\"@type\":\"EntryPoint\",\"urlTemplate\":\"https:\/\/www.cineaec.com\/en\/?s={search_term_string}\"},\"query-input\":{\"@type\":\"PropertyValueSpecification\",\"valueRequired\":true,\"valueName\":\"search_term_string\"}}],\"inLanguage\":\"en-US\"},{\"@type\":\"Organization\",\"@id\":\"https:\/\/www.cineaec.com\/en\/#organization\",\"name\":\"AEC\",\"url\":\"https:\/\/www.cineaec.com\/en\/\",\"logo\":{\"@type\":\"ImageObject\",\"inLanguage\":\"en-US\",\"@id\":\"https:\/\/www.cineaec.com\/en\/#\/schema\/logo\/image\/\",\"url\":\"https:\/\/www.cineaec.com\/wp-content\/uploads\/2025\/11\/logo-AEC.svg\",\"contentUrl\":\"https:\/\/www.cineaec.com\/wp-content\/uploads\/2025\/11\/logo-AEC.svg\",\"caption\":\"AEC\"},\"image\":{\"@id\":\"https:\/\/www.cineaec.com\/en\/#\/schema\/logo\/image\/\"}}]}<\/script>\n<!-- \/ Yoast SEO plugin. -->","yoast_head_json":{"title":"AEC -% AEC History","description":"Since its formation in 1993, the association represents professionals who have taken the art of cinematography to the next level.","robots":{"index":"index","follow":"follow","max-snippet":"max-snippet:-1","max-image-preview":"max-image-preview:large","max-video-preview":"max-video-preview:-1"},"canonical":"https:\/\/www.cineaec.com\/en\/publications\/articles\/","og_locale":"en_US","og_type":"article","og_title":"AEC -% AEC History","og_description":"Since its formation in 1993, the association represents professionals who have taken the art of cinematography to the next level.","og_url":"https:\/\/www.cineaec.com\/en\/publications\/articles\/","og_site_name":"AEC","article_modified_time":"2025-12-02T19:48:04+00:00","og_image":[{"width":1024,"height":1024,"url":"https:\/\/www.cineaec.com\/wp-content\/uploads\/2025\/12\/Cinematografia-artificialmente-inteligente.webp","type":"image\/webp"}],"twitter_card":"summary_large_image","schema":{"@context":"https:\/\/schema.org","@graph":[{"@type":"WebPage","@id":"https:\/\/www.cineaec.com\/en\/publications\/articles\/","url":"https:\/\/www.cineaec.com\/en\/publications\/articles\/","name":"AEC -% AEC History","isPartOf":{"@id":"https:\/\/www.cineaec.com\/en\/#website"},"primaryImageOfPage":{"@id":"https:\/\/www.cineaec.com\/en\/publications\/articles\/#primaryimage"},"image":{"@id":"https:\/\/www.cineaec.com\/en\/publications\/articles\/#primaryimage"},"thumbnailUrl":"https:\/\/www.cineaec.com\/wp-content\/uploads\/2025\/12\/Cinematografia-artificialmente-inteligente.webp","datePublished":"2025-12-02T18:13:36+00:00","dateModified":"2025-12-02T19:48:04+00:00","description":"Since its formation in 1993, the association represents professionals who have taken the art of cinematography to the next level.","breadcrumb":{"@id":"https:\/\/www.cineaec.com\/en\/publications\/articles\/#breadcrumb"},"inLanguage":"en-US","potentialAction":[{"@type":"ReadAction","target":["https:\/\/www.cineaec.com\/en\/publications\/articles\/"]}]},{"@type":"ImageObject","inLanguage":"en-US","@id":"https:\/\/www.cineaec.com\/en\/publications\/articles\/#primaryimage","url":"https:\/\/www.cineaec.com\/wp-content\/uploads\/2025\/12\/Cinematografia-artificialmente-inteligente.webp","contentUrl":"https:\/\/www.cineaec.com\/wp-content\/uploads\/2025\/12\/Cinematografia-artificialmente-inteligente.webp","width":1024,"height":1024},{"@type":"BreadcrumbList","@id":"https:\/\/www.cineaec.com\/en\/publications\/articles\/#breadcrumb","itemListElement":[{"@type":"ListItem","position":1,"name":"Portada","item":"https:\/\/www.cineaec.com\/en\/home\/"},{"@type":"ListItem","position":2,"name":"Publications","item":"https:\/\/www.cineaec.com\/en\/publications\/"},{"@type":"ListItem","position":3,"name":"Articles"}]},{"@type":"WebSite","@id":"https:\/\/www.cineaec.com\/en\/#website","url":"https:\/\/www.cineaec.com\/en\/","name":"AEC","description":"sociaci\u00f3n Espa\u00f1ola de Directoras y Directores de Fotograf\u00eda.","publisher":{"@id":"https:\/\/www.cineaec.com\/en\/#organization"},"potentialAction":[{"@type":"SearchAction","target":{"@type":"EntryPoint","urlTemplate":"https:\/\/www.cineaec.com\/en\/?s={search_term_string}"},"query-input":{"@type":"PropertyValueSpecification","valueRequired":true,"valueName":"search_term_string"}}],"inLanguage":"en-US"},{"@type":"Organization","@id":"https:\/\/www.cineaec.com\/en\/#organization","name":"AEC","url":"https:\/\/www.cineaec.com\/en\/","logo":{"@type":"ImageObject","inLanguage":"en-US","@id":"https:\/\/www.cineaec.com\/en\/#\/schema\/logo\/image\/","url":"https:\/\/www.cineaec.com\/wp-content\/uploads\/2025\/11\/logo-AEC.svg","contentUrl":"https:\/\/www.cineaec.com\/wp-content\/uploads\/2025\/11\/logo-AEC.svg","caption":"AEC"},"image":{"@id":"https:\/\/www.cineaec.com\/en\/#\/schema\/logo\/image\/"}}]}},"_links":{"self":[{"href":"https:\/\/www.cineaec.com\/en\/wp-json\/wp\/v2\/pages\/1839","targetHints":{"allow":["GET"]}}],"collection":[{"href":"https:\/\/www.cineaec.com\/en\/wp-json\/wp\/v2\/pages"}],"about":[{"href":"https:\/\/www.cineaec.com\/en\/wp-json\/wp\/v2\/types\/page"}],"author":[{"embeddable":true,"href":"https:\/\/www.cineaec.com\/en\/wp-json\/wp\/v2\/users\/2"}],"replies":[{"embeddable":true,"href":"https:\/\/www.cineaec.com\/en\/wp-json\/wp\/v2\/comments?post=1839"}],"version-history":[{"count":1,"href":"https:\/\/www.cineaec.com\/en\/wp-json\/wp\/v2\/pages\/1839\/revisions"}],"predecessor-version":[{"id":1840,"href":"https:\/\/www.cineaec.com\/en\/wp-json\/wp\/v2\/pages\/1839\/revisions\/1840"}],"up":[{"embeddable":true,"href":"https:\/\/www.cineaec.com\/en\/wp-json\/wp\/v2\/pages\/1836"}],"wp:featuredmedia":[{"embeddable":true,"href":"https:\/\/www.cineaec.com\/en\/wp-json\/wp\/v2\/media\/1838"}],"wp:attachment":[{"href":"https:\/\/www.cineaec.com\/en\/wp-json\/wp\/v2\/media?parent=1839"}],"curies":[{"name":"wp","href":"https:\/\/api.w.org\/{rel}","templated":true}]}}