{"id":1860,"date":"2025-12-01T18:07:52","date_gmt":"2025-12-01T18:07:52","guid":{"rendered":"https:\/\/cine-aec.c.wetopi.com\/contact\/"},"modified":"2025-12-11T08:21:39","modified_gmt":"2025-12-11T08:21:39","slug":"contact","status":"publish","type":"page","link":"https:\/\/www.cineaec.com\/en\/contact\/","title":{"rendered":"Contact"},"content":{"rendered":"\t\t<div data-elementor-type=\"wp-page\" data-elementor-id=\"1860\" class=\"elementor elementor-1860 elementor-1445\" data-elementor-post-type=\"page\">\n\t\t\t\t<div class=\"elementor-element elementor-element-bd93ab2 e-con-full e-flex e-con e-parent\" data-id=\"bd93ab2\" data-element_type=\"container\" data-e-type=\"container\" data-settings=\"{&quot;background_background&quot;:&quot;classic&quot;}\">\n\t\t\t\t<div class=\"elementor-element elementor-element-24e1f16 elementor-align-left elementor-widget elementor-widget-breadcrumbs\" data-id=\"24e1f16\" data-element_type=\"widget\" data-e-type=\"widget\" data-widget_type=\"breadcrumbs.default\">\n\t\t\t\t\t<p id=\"breadcrumbs\"><span><span><a href=\"https:\/\/www.cineaec.com\/en\/home\/\">Portada<\/a><\/span><\/span><\/p>\t\t\t\t<\/div>\n\t\t\t\t<\/div>\n\t\t<div class=\"elementor-element elementor-element-c37439a e-con-full e-flex e-con e-parent\" data-id=\"c37439a\" data-element_type=\"container\" data-e-type=\"container\" data-settings=\"{&quot;background_background&quot;:&quot;classic&quot;}\">\n\t\t<div class=\"elementor-element elementor-element-6c191cf e-con-full e-flex e-con e-child\" data-id=\"6c191cf\" data-element_type=\"container\" data-e-type=\"container\" data-settings=\"{&quot;background_background&quot;:&quot;classic&quot;}\">\n\t\t\t\t<\/div>\n\t\t<div class=\"elementor-element elementor-element-31ff753 e-con-full e-flex e-con e-child\" data-id=\"31ff753\" data-element_type=\"container\" data-e-type=\"container\">\n\t\t\t\t<div class=\"elementor-element elementor-element-6444747 elementor-widget elementor-widget-heading\" data-id=\"6444747\" data-element_type=\"widget\" data-e-type=\"widget\" data-widget_type=\"heading.default\">\n\t\t\t\t\t<h1 class=\"elementor-heading-title elementor-size-default\">Contact AEC<\/h1>\t\t\t\t<\/div>\n\t\t\t\t<div class=\"elementor-element elementor-element-c8a1733 elementor-widget elementor-widget-text-editor\" data-id=\"c8a1733\" data-element_type=\"widget\" data-e-type=\"widget\" data-widget_type=\"text-editor.default\">\n\t\t\t\t\t\t\t\t\t<p>If you are involved in photo direction or if you have any questions about our association, please contact us. You can complete the following form or write us at <a href=\"mailto:secretaria@cineaec.com\">secretaria@cineaec.com<\/a>. <\/p>\t\t\t\t\t\t\t\t<\/div>\n\t\t\t\t<div class=\"elementor-element elementor-element-2eaa986 elementor-button-align-end elementor-mobile-button-align-stretch elementor-widget elementor-widget-form\" data-id=\"2eaa986\" data-element_type=\"widget\" data-e-type=\"widget\" data-settings=\"{&quot;step_next_label&quot;:&quot;Next&quot;,&quot;step_previous_label&quot;:&quot;Previous&quot;,&quot;button_width&quot;:&quot;100&quot;,&quot;step_type&quot;:&quot;number_text&quot;,&quot;step_icon_shape&quot;:&quot;circle&quot;}\" data-widget_type=\"form.default\">\n\t\t\t\t\t\t\t<form class=\"elementor-form\" method=\"post\" name=\"CONTACT FORM\" aria-label=\"CONTACT FORM\">\n\t\t\t<input type=\"hidden\" name=\"post_id\" value=\"1860\"\/>\n\t\t\t<input type=\"hidden\" name=\"form_id\" value=\"2eaa986\"\/>\n\t\t\t<input type=\"hidden\" name=\"referer_title\" value=\"Contact - AEC\" \/>\n\n\t\t\t\t\t\t\t<input type=\"hidden\" name=\"queried_id\" value=\"1860\"\/>\n\t\t\t\n\t\t\t<div class=\"elementor-form-fields-wrapper elementor-labels-\">\n\t\t\t\t\t\t\t\t<div class=\"elementor-field-type-text elementor-field-group elementor-column elementor-field-group-name elementor-col-50 elementor-field-required\">\n\t\t\t\t\t\t\t\t\t\t\t\t<label for=\"form-field-name\" class=\"elementor-field-label elementor-screen-only\">\n\t\t\t\t\t\t\t\tName\t\t\t\t\t\t\t<\/label>\n\t\t\t\t\t\t\t\t\t\t\t\t\t\t<input size=\"1\" type=\"text\" name=\"form_fields[name]\" id=\"form-field-name\" class=\"elementor-field elementor-size-lg  elementor-field-textual\" placeholder=\"Name\" required=\"required\">\n\t\t\t\t\t\t\t\t\t\t\t<\/div>\n\t\t\t\t\t\t\t\t<div class=\"elementor-field-type-text elementor-field-group elementor-column elementor-field-group-field_8d13a56 elementor-col-50 elementor-field-required\">\n\t\t\t\t\t\t\t\t\t\t\t\t<label for=\"form-field-field_8d13a56\" class=\"elementor-field-label elementor-screen-only\">\n\t\t\t\t\t\t\t\tSurname\t\t\t\t\t\t\t<\/label>\n\t\t\t\t\t\t\t\t\t\t\t\t\t\t<input size=\"1\" type=\"text\" name=\"form_fields[field_8d13a56]\" id=\"form-field-field_8d13a56\" class=\"elementor-field elementor-size-lg  elementor-field-textual\" placeholder=\"Surname\" required=\"required\">\n\t\t\t\t\t\t\t\t\t\t\t<\/div>\n\t\t\t\t\t\t\t\t<div class=\"elementor-field-type-email elementor-field-group elementor-column elementor-field-group-email elementor-col-100 elementor-field-required\">\n\t\t\t\t\t\t\t\t\t\t\t\t<label for=\"form-field-email\" class=\"elementor-field-label elementor-screen-only\">\n\t\t\t\t\t\t\t\tE-mail address\t\t\t\t\t\t\t<\/label>\n\t\t\t\t\t\t\t\t\t\t\t\t\t\t<input size=\"1\" type=\"email\" name=\"form_fields[email]\" id=\"form-field-email\" class=\"elementor-field elementor-size-lg  elementor-field-textual\" placeholder=\"E-mail address\" required=\"required\">\n\t\t\t\t\t\t\t\t\t\t\t<\/div>\n\t\t\t\t\t\t\t\t<div class=\"elementor-field-type-textarea elementor-field-group elementor-column elementor-field-group-message elementor-col-100\">\n\t\t\t\t\t\t\t\t\t\t\t\t<label for=\"form-field-message\" class=\"elementor-field-label elementor-screen-only\">\n\t\t\t\t\t\t\t\tMessage\t\t\t\t\t\t\t<\/label>\n\t\t\t\t\t\t<textarea class=\"elementor-field-textual elementor-field  elementor-size-lg\" name=\"form_fields[message]\" id=\"form-field-message\" rows=\"4\" placeholder=\"Message\"><\/textarea>\t\t\t\t<\/div>\n\t\t\t\t\t\t\t\t<div class=\"elementor-field-type-acceptance elementor-field-group elementor-column elementor-field-group-field_8335b2b elementor-col-100\">\n\t\t\t\t\t\t\t<div class=\"elementor-field-subgroup\">\n\t\t\t<span class=\"elementor-field-option\">\n\t\t\t\t<input type=\"checkbox\" name=\"form_fields[field_8335b2b]\" id=\"form-field-field_8335b2b\" class=\"elementor-field elementor-size-lg  elementor-acceptance-field\">\n\t\t\t\t<label for=\"form-field-field_8335b2b\">I have read and accept the <a href=\"https:\/\/www.cineaec.com\/en\/privacy-policy\/\">privacy policy<\/a> of the website.<\/label>\t\t\t<\/span>\n\t\t<\/div>\n\t\t\t\t\t\t<\/div>\n\t\t\t\t\t\t\t\t<div class=\"elementor-field-type-recaptcha_v3 elementor-field-group elementor-column elementor-field-group-field_1926e15 elementor-col-100 recaptcha_v3-inline\">\n\t\t\t\t\t<div class=\"elementor-field\" id=\"form-field-field_1926e15\"><div class=\"elementor-g-recaptcha\" data-sitekey=\"6LdbGVksAAAAAN-7aYVEilxXvfV1dtm9AKHZZFos\" data-type=\"v3\" data-action=\"Form\" data-badge=\"inline\" data-size=\"invisible\"><\/div><\/div>\t\t\t\t<\/div>\n\t\t\t\t\t\t\t\t<div class=\"elementor-field-group elementor-column elementor-field-type-submit elementor-col-100 e-form__buttons\">\n\t\t\t\t\t<button class=\"elementor-button elementor-size-sm\" type=\"submit\">\n\t\t\t\t\t\t<span class=\"elementor-button-content-wrapper\">\n\t\t\t\t\t\t\t\t\t\t\t\t\t\t\t\t\t\t\t\t\t\t<span class=\"elementor-button-text\">Send<\/span>\n\t\t\t\t\t\t\t\t\t\t\t\t\t<\/span>\n\t\t\t\t\t<\/button>\n\t\t\t\t<\/div>\n\t\t\t<\/div>\n\t\t<\/form>\n\t\t\t\t\t\t<\/div>\n\t\t\t\t<div class=\"elementor-element elementor-element-596a7ca elementor-widget-divider--view-line elementor-widget elementor-widget-divider\" data-id=\"596a7ca\" data-element_type=\"widget\" data-e-type=\"widget\" data-widget_type=\"divider.default\">\n\t\t\t\t\t\t\t<div class=\"elementor-divider\">\n\t\t\t<span class=\"elementor-divider-separator\">\n\t\t\t\t\t\t<\/span>\n\t\t<\/div>\n\t\t\t\t\t\t<\/div>\n\t\t\t\t<div class=\"elementor-element elementor-element-36093a3 elementor-widget elementor-widget-text-editor\" data-id=\"36093a3\" data-element_type=\"widget\" data-e-type=\"widget\" data-widget_type=\"text-editor.default\">\n\t\t\t\t\t\t\t\t\t<p>Follow us on networks<\/p>\t\t\t\t\t\t\t\t<\/div>\n\t\t\t\t<div class=\"elementor-element elementor-element-32509ab elementor-shape-circle elementor-grid-0 e-grid-align-center elementor-widget elementor-widget-social-icons\" data-id=\"32509ab\" data-element_type=\"widget\" data-e-type=\"widget\" data-widget_type=\"social-icons.default\">\n\t\t\t\t\t\t\t<div class=\"elementor-social-icons-wrapper elementor-grid\" role=\"list\">\n\t\t\t\t\t\t\t<span class=\"elementor-grid-item\" role=\"listitem\">\n\t\t\t\t\t<a class=\"elementor-icon elementor-social-icon elementor-social-icon-instagram elementor-repeater-item-70b777f\" href=\"https:\/\/www.instagram.com\/barcelonasneakersacademy\/\" target=\"_blank\">\n\t\t\t\t\t\t<span class=\"elementor-screen-only\">Instagram<\/span>\n\t\t\t\t\t\t<svg aria-hidden=\"true\" class=\"e-font-icon-svg e-fab-instagram\" viewBox=\"0 0 448 512\" xmlns=\"http:\/\/www.w3.org\/2000\/svg\"><path d=\"M224.1 141c-63.6 0-114.9 51.3-114.9 114.9s51.3 114.9 114.9 114.9S339 319.5 339 255.9 287.7 141 224.1 141zm0 189.6c-41.1 0-74.7-33.5-74.7-74.7s33.5-74.7 74.7-74.7 74.7 33.5 74.7 74.7-33.6 74.7-74.7 74.7zm146.4-194.3c0 14.9-12 26.8-26.8 26.8-14.9 0-26.8-12-26.8-26.8s12-26.8 26.8-26.8 26.8 12 26.8 26.8zm76.1 27.2c-1.7-35.9-9.9-67.7-36.2-93.9-26.2-26.2-58-34.4-93.9-36.2-37-2.1-147.9-2.1-184.9 0-35.8 1.7-67.6 9.9-93.9 36.1s-34.4 58-36.2 93.9c-2.1 37-2.1 147.9 0 184.9 1.7 35.9 9.9 67.7 36.2 93.9s58 34.4 93.9 36.2c37 2.1 147.9 2.1 184.9 0 35.9-1.7 67.7-9.9 93.9-36.2 26.2-26.2 34.4-58 36.2-93.9 2.1-37 2.1-147.8 0-184.8zM398.8 388c-7.8 19.6-22.9 34.7-42.6 42.6-29.5 11.7-99.5 9-132.1 9s-102.7 2.6-132.1-9c-19.6-7.8-34.7-22.9-42.6-42.6-11.7-29.5-9-99.5-9-132.1s-2.6-102.7 9-132.1c7.8-19.6 22.9-34.7 42.6-42.6 29.5-11.7 99.5-9 132.1-9s102.7-2.6 132.1 9c19.6 7.8 34.7 22.9 42.6 42.6 11.7 29.5 9 99.5 9 132.1s2.7 102.7-9 132.1z\"><\/path><\/svg>\t\t\t\t\t<\/a>\n\t\t\t\t<\/span>\n\t\t\t\t\t\t\t<span class=\"elementor-grid-item\" role=\"listitem\">\n\t\t\t\t\t<a class=\"elementor-icon elementor-social-icon elementor-social-icon-linkedin-in elementor-repeater-item-7c811c6\" href=\"https:\/\/es.linkedin.com\/company\/barcelona-sneakers-academy\" target=\"_blank\">\n\t\t\t\t\t\t<span class=\"elementor-screen-only\">Linkedin-in<\/span>\n\t\t\t\t\t\t<svg aria-hidden=\"true\" class=\"e-font-icon-svg e-fab-linkedin-in\" viewBox=\"0 0 448 512\" xmlns=\"http:\/\/www.w3.org\/2000\/svg\"><path d=\"M100.28 448H7.4V148.9h92.88zM53.79 108.1C24.09 108.1 0 83.5 0 53.8a53.79 53.79 0 0 1 107.58 0c0 29.7-24.1 54.3-53.79 54.3zM447.9 448h-92.68V302.4c0-34.7-.7-79.2-48.29-79.2-48.29 0-55.69 37.7-55.69 76.7V448h-92.78V148.9h89.08v40.8h1.3c12.4-23.5 42.69-48.3 87.88-48.3 94 0 111.28 61.9 111.28 142.3V448z\"><\/path><\/svg>\t\t\t\t\t<\/a>\n\t\t\t\t<\/span>\n\t\t\t\t\t\t\t<span class=\"elementor-grid-item\" role=\"listitem\">\n\t\t\t\t\t<a class=\"elementor-icon elementor-social-icon elementor-social-icon-x-twitter elementor-repeater-item-e3bc1a3\" href=\"http:\/\/twitter.com\/cine_aec\" target=\"_blank\">\n\t\t\t\t\t\t<span class=\"elementor-screen-only\">X-twitter<\/span>\n\t\t\t\t\t\t<svg aria-hidden=\"true\" class=\"e-font-icon-svg e-fab-x-twitter\" viewBox=\"0 0 512 512\" xmlns=\"http:\/\/www.w3.org\/2000\/svg\"><path d=\"M389.2 48h70.6L305.6 224.2 487 464H345L233.7 318.6 106.5 464H35.8L200.7 275.5 26.8 48H172.4L272.9 180.9 389.2 48zM364.4 421.8h39.1L151.1 88h-42L364.4 421.8z\"><\/path><\/svg>\t\t\t\t\t<\/a>\n\t\t\t\t<\/span>\n\t\t\t\t\t\t\t<span class=\"elementor-grid-item\" role=\"listitem\">\n\t\t\t\t\t<a class=\"elementor-icon elementor-social-icon elementor-social-icon-vimeo-v elementor-repeater-item-c4fec9c\" href=\"https:\/\/vimeo.com\/cineaec\" target=\"_blank\">\n\t\t\t\t\t\t<span class=\"elementor-screen-only\">Vimeo-v<\/span>\n\t\t\t\t\t\t<svg aria-hidden=\"true\" class=\"e-font-icon-svg e-fab-vimeo-v\" viewBox=\"0 0 448 512\" xmlns=\"http:\/\/www.w3.org\/2000\/svg\"><path d=\"M447.8 153.6c-2 43.6-32.4 103.3-91.4 179.1-60.9 79.2-112.4 118.8-154.6 118.8-26.1 0-48.2-24.1-66.3-72.3C100.3 250 85.3 174.3 56.2 174.3c-3.4 0-15.1 7.1-35.2 21.1L0 168.2c51.6-45.3 100.9-95.7 131.8-98.5 34.9-3.4 56.3 20.5 64.4 71.5 28.7 181.5 41.4 208.9 93.6 126.7 18.7-29.6 28.8-52.1 30.2-67.6 4.8-45.9-35.8-42.8-63.3-31 22-72.1 64.1-107.1 126.2-105.1 45.8 1.2 67.5 31.1 64.9 89.4z\"><\/path><\/svg>\t\t\t\t\t<\/a>\n\t\t\t\t<\/span>\n\t\t\t\t\t<\/div>\n\t\t\t\t\t\t<\/div>\n\t\t\t\t<\/div>\n\t\t\t\t<\/div>\n\t\t\t\t<\/div>\n\t\t","protected":false},"excerpt":{"rendered":"<p>Contact AEC If you are involved in photo direction or if you have any questions about our association, please contact us. You can complete the following form or write us at secretaria@cineaec.com. Follow us on networks Instagram Linkedin-in X-twitter Vimeo-v<\/p>\n","protected":false},"author":2,"featured_media":1856,"parent":0,"menu_order":0,"comment_status":"closed","ping_status":"closed","template":"","meta":{"_acf_changed":false,"footnotes":""},"class_list":["post-1860","page","type-page","status-publish","has-post-thumbnail","hentry"],"acf":[],"yoast_head":"<!-- This site is optimized with the Yoast SEO plugin v27.2 - https:\/\/yoast.com\/product\/yoast-seo-wordpress\/ -->\n<title>Contact - AEC<\/title>\n<meta name=\"robots\" content=\"index, follow, max-snippet:-1, max-image-preview:large, max-video-preview:-1\" \/>\n<link rel=\"canonical\" href=\"https:\/\/www.cineaec.com\/en\/contact\/\" \/>\n<meta property=\"og:locale\" content=\"en_US\" \/>\n<meta property=\"og:type\" content=\"article\" \/>\n<meta property=\"og:title\" content=\"Contact - AEC\" \/>\n<meta property=\"og:description\" content=\"Contact AEC If you are involved in photo direction or if you have any questions about our association, please contact us. You can complete the following form or write us at secretaria@cineaec.com. Follow us on networks Instagram Linkedin-in X-twitter Vimeo-v\" \/>\n<meta property=\"og:url\" content=\"https:\/\/www.cineaec.com\/en\/contact\/\" \/>\n<meta property=\"og:site_name\" content=\"AEC\" \/>\n<meta property=\"article:modified_time\" content=\"2025-12-11T08:21:39+00:00\" \/>\n<meta property=\"og:image\" content=\"https:\/\/www.cineaec.com\/wp-content\/uploads\/2025\/12\/aec-imagen-recurso-2.webp\" \/>\n\t<meta property=\"og:image:width\" content=\"1920\" \/>\n\t<meta property=\"og:image:height\" content=\"1280\" \/>\n\t<meta property=\"og:image:type\" content=\"image\/webp\" \/>\n<meta name=\"twitter:card\" content=\"summary_large_image\" \/>\n<script type=\"application\/ld+json\" class=\"yoast-schema-graph\">{\"@context\":\"https:\/\/schema.org\",\"@graph\":[{\"@type\":\"WebPage\",\"@id\":\"https:\/\/www.cineaec.com\/en\/contact\/\",\"url\":\"https:\/\/www.cineaec.com\/en\/contact\/\",\"name\":\"Contact - AEC\",\"isPartOf\":{\"@id\":\"https:\/\/www.cineaec.com\/en\/#website\"},\"primaryImageOfPage\":{\"@id\":\"https:\/\/www.cineaec.com\/en\/contact\/#primaryimage\"},\"image\":{\"@id\":\"https:\/\/www.cineaec.com\/en\/contact\/#primaryimage\"},\"thumbnailUrl\":\"https:\/\/www.cineaec.com\/wp-content\/uploads\/2025\/12\/aec-imagen-recurso-2.webp\",\"datePublished\":\"2025-12-01T18:07:52+00:00\",\"dateModified\":\"2025-12-11T08:21:39+00:00\",\"breadcrumb\":{\"@id\":\"https:\/\/www.cineaec.com\/en\/contact\/#breadcrumb\"},\"inLanguage\":\"en-US\",\"potentialAction\":[{\"@type\":\"ReadAction\",\"target\":[\"https:\/\/www.cineaec.com\/en\/contact\/\"]}]},{\"@type\":\"ImageObject\",\"inLanguage\":\"en-US\",\"@id\":\"https:\/\/www.cineaec.com\/en\/contact\/#primaryimage\",\"url\":\"https:\/\/www.cineaec.com\/wp-content\/uploads\/2025\/12\/aec-imagen-recurso-2.webp\",\"contentUrl\":\"https:\/\/www.cineaec.com\/wp-content\/uploads\/2025\/12\/aec-imagen-recurso-2.webp\",\"width\":1920,\"height\":1280},{\"@type\":\"BreadcrumbList\",\"@id\":\"https:\/\/www.cineaec.com\/en\/contact\/#breadcrumb\",\"itemListElement\":[{\"@type\":\"ListItem\",\"position\":1,\"name\":\"Portada\",\"item\":\"https:\/\/www.cineaec.com\/en\/home\/\"},{\"@type\":\"ListItem\",\"position\":2,\"name\":\"Contact\"}]},{\"@type\":\"WebSite\",\"@id\":\"https:\/\/www.cineaec.com\/en\/#website\",\"url\":\"https:\/\/www.cineaec.com\/en\/\",\"name\":\"AEC\",\"description\":\"sociaci\u00f3n Espa\u00f1ola de Directoras y Directores de Fotograf\u00eda.\",\"publisher\":{\"@id\":\"https:\/\/www.cineaec.com\/en\/#organization\"},\"potentialAction\":[{\"@type\":\"SearchAction\",\"target\":{\"@type\":\"EntryPoint\",\"urlTemplate\":\"https:\/\/www.cineaec.com\/en\/?s={search_term_string}\"},\"query-input\":{\"@type\":\"PropertyValueSpecification\",\"valueRequired\":true,\"valueName\":\"search_term_string\"}}],\"inLanguage\":\"en-US\"},{\"@type\":\"Organization\",\"@id\":\"https:\/\/www.cineaec.com\/en\/#organization\",\"name\":\"AEC\",\"url\":\"https:\/\/www.cineaec.com\/en\/\",\"logo\":{\"@type\":\"ImageObject\",\"inLanguage\":\"en-US\",\"@id\":\"https:\/\/www.cineaec.com\/en\/#\/schema\/logo\/image\/\",\"url\":\"https:\/\/www.cineaec.com\/wp-content\/uploads\/2025\/11\/logo-AEC.svg\",\"contentUrl\":\"https:\/\/www.cineaec.com\/wp-content\/uploads\/2025\/11\/logo-AEC.svg\",\"caption\":\"AEC\"},\"image\":{\"@id\":\"https:\/\/www.cineaec.com\/en\/#\/schema\/logo\/image\/\"}}]}<\/script>\n<!-- \/ Yoast SEO plugin. -->","yoast_head_json":{"title":"Contact - AEC","robots":{"index":"index","follow":"follow","max-snippet":"max-snippet:-1","max-image-preview":"max-image-preview:large","max-video-preview":"max-video-preview:-1"},"canonical":"https:\/\/www.cineaec.com\/en\/contact\/","og_locale":"en_US","og_type":"article","og_title":"Contact - AEC","og_description":"Contact AEC If you are involved in photo direction or if you have any questions about our association, please contact us. You can complete the following form or write us at secretaria@cineaec.com. Follow us on networks Instagram Linkedin-in X-twitter Vimeo-v","og_url":"https:\/\/www.cineaec.com\/en\/contact\/","og_site_name":"AEC","article_modified_time":"2025-12-11T08:21:39+00:00","og_image":[{"width":1920,"height":1280,"url":"https:\/\/www.cineaec.com\/wp-content\/uploads\/2025\/12\/aec-imagen-recurso-2.webp","type":"image\/webp"}],"twitter_card":"summary_large_image","schema":{"@context":"https:\/\/schema.org","@graph":[{"@type":"WebPage","@id":"https:\/\/www.cineaec.com\/en\/contact\/","url":"https:\/\/www.cineaec.com\/en\/contact\/","name":"Contact - AEC","isPartOf":{"@id":"https:\/\/www.cineaec.com\/en\/#website"},"primaryImageOfPage":{"@id":"https:\/\/www.cineaec.com\/en\/contact\/#primaryimage"},"image":{"@id":"https:\/\/www.cineaec.com\/en\/contact\/#primaryimage"},"thumbnailUrl":"https:\/\/www.cineaec.com\/wp-content\/uploads\/2025\/12\/aec-imagen-recurso-2.webp","datePublished":"2025-12-01T18:07:52+00:00","dateModified":"2025-12-11T08:21:39+00:00","breadcrumb":{"@id":"https:\/\/www.cineaec.com\/en\/contact\/#breadcrumb"},"inLanguage":"en-US","potentialAction":[{"@type":"ReadAction","target":["https:\/\/www.cineaec.com\/en\/contact\/"]}]},{"@type":"ImageObject","inLanguage":"en-US","@id":"https:\/\/www.cineaec.com\/en\/contact\/#primaryimage","url":"https:\/\/www.cineaec.com\/wp-content\/uploads\/2025\/12\/aec-imagen-recurso-2.webp","contentUrl":"https:\/\/www.cineaec.com\/wp-content\/uploads\/2025\/12\/aec-imagen-recurso-2.webp","width":1920,"height":1280},{"@type":"BreadcrumbList","@id":"https:\/\/www.cineaec.com\/en\/contact\/#breadcrumb","itemListElement":[{"@type":"ListItem","position":1,"name":"Portada","item":"https:\/\/www.cineaec.com\/en\/home\/"},{"@type":"ListItem","position":2,"name":"Contact"}]},{"@type":"WebSite","@id":"https:\/\/www.cineaec.com\/en\/#website","url":"https:\/\/www.cineaec.com\/en\/","name":"AEC","description":"sociaci\u00f3n Espa\u00f1ola de Directoras y Directores de Fotograf\u00eda.","publisher":{"@id":"https:\/\/www.cineaec.com\/en\/#organization"},"potentialAction":[{"@type":"SearchAction","target":{"@type":"EntryPoint","urlTemplate":"https:\/\/www.cineaec.com\/en\/?s={search_term_string}"},"query-input":{"@type":"PropertyValueSpecification","valueRequired":true,"valueName":"search_term_string"}}],"inLanguage":"en-US"},{"@type":"Organization","@id":"https:\/\/www.cineaec.com\/en\/#organization","name":"AEC","url":"https:\/\/www.cineaec.com\/en\/","logo":{"@type":"ImageObject","inLanguage":"en-US","@id":"https:\/\/www.cineaec.com\/en\/#\/schema\/logo\/image\/","url":"https:\/\/www.cineaec.com\/wp-content\/uploads\/2025\/11\/logo-AEC.svg","contentUrl":"https:\/\/www.cineaec.com\/wp-content\/uploads\/2025\/11\/logo-AEC.svg","caption":"AEC"},"image":{"@id":"https:\/\/www.cineaec.com\/en\/#\/schema\/logo\/image\/"}}]}},"_links":{"self":[{"href":"https:\/\/www.cineaec.com\/en\/wp-json\/wp\/v2\/pages\/1860","targetHints":{"allow":["GET"]}}],"collection":[{"href":"https:\/\/www.cineaec.com\/en\/wp-json\/wp\/v2\/pages"}],"about":[{"href":"https:\/\/www.cineaec.com\/en\/wp-json\/wp\/v2\/types\/page"}],"author":[{"embeddable":true,"href":"https:\/\/www.cineaec.com\/en\/wp-json\/wp\/v2\/users\/2"}],"replies":[{"embeddable":true,"href":"https:\/\/www.cineaec.com\/en\/wp-json\/wp\/v2\/comments?post=1860"}],"version-history":[{"count":1,"href":"https:\/\/www.cineaec.com\/en\/wp-json\/wp\/v2\/pages\/1860\/revisions"}],"predecessor-version":[{"id":1861,"href":"https:\/\/www.cineaec.com\/en\/wp-json\/wp\/v2\/pages\/1860\/revisions\/1861"}],"wp:featuredmedia":[{"embeddable":true,"href":"https:\/\/www.cineaec.com\/en\/wp-json\/wp\/v2\/media\/1856"}],"wp:attachment":[{"href":"https:\/\/www.cineaec.com\/en\/wp-json\/wp\/v2\/media?parent=1860"}],"curies":[{"name":"wp","href":"https:\/\/api.w.org\/{rel}","templated":true}]}}