{"id":2149,"date":"2025-12-04T16:27:49","date_gmt":"2025-12-04T16:27:49","guid":{"rendered":"https:\/\/www.cineaec.com\/privacy-policy\/"},"modified":"2025-12-04T17:20:22","modified_gmt":"2025-12-04T17:20:22","slug":"privacy-policy","status":"publish","type":"page","link":"https:\/\/www.cineaec.com\/en\/privacy-policy\/","title":{"rendered":"Privacy policy"},"content":{"rendered":"\t\t<div data-elementor-type=\"wp-page\" data-elementor-id=\"2149\" class=\"elementor elementor-2149 elementor-2100\" data-elementor-post-type=\"page\">\n\t\t\t\t<div class=\"elementor-element elementor-element-1bd4c20 e-flex e-con-boxed e-con e-parent\" data-id=\"1bd4c20\" data-element_type=\"container\" data-e-type=\"container\">\n\t\t\t\t\t<div class=\"e-con-inner\">\n\t\t\t\t<div class=\"elementor-element elementor-element-2ce25de elementor-widget elementor-widget-heading\" data-id=\"2ce25de\" data-element_type=\"widget\" data-e-type=\"widget\" data-widget_type=\"heading.default\">\n\t\t\t\t\t<h1 class=\"elementor-heading-title elementor-size-default\">Privacy policy<\/h1>\t\t\t\t<\/div>\n\t\t\t\t<div class=\"elementor-element elementor-element-c0cc27e elementor-widget elementor-widget-text-editor\" data-id=\"c0cc27e\" data-element_type=\"widget\" data-e-type=\"widget\" data-widget_type=\"text-editor.default\">\n\t\t\t\t\t\t\t\t\t<p><strong>INTRODUCCI\u00d3N<\/strong><\/p><p><span style=\"font-weight: 400;\">En Asociaci\u00f3n Espa\u00f1ola de Directoras y Directores de Fotograf\u00eda, AEC sensibilizados con las necesidades de los usuarios de Internet y conscientes de la importancia de la rigurosa privacidad de la informaci\u00f3n personal que nos conf\u00edan, incluimos esta declaraci\u00f3n de privacidad con el objeto de que seas consciente de la pol\u00edtica en el tratamiento de los datos personales que obtiene de sus visitantes y usuarios.<\/span><\/p><p><span style=\"font-weight: 400;\">Como usuario, aceptas estas condiciones por el mero hecho de leer, visualizar o navegar en el sitio. De no aceptarlas, debes abandonar el sitio, sin hacer uso alguno de \u00e9l y su contenido, y sin acceder a las p\u00e1ginas enlazadas. <\/span><\/p><p><strong>DATOS IDENTIFICATIVOS DEL TITULAR DEL SITIO WEB<\/strong><\/p><p><span style=\"font-weight: 400;\">En cumplimiento del deber de informaci\u00f3n estipulado en el art\u00edculo 10 de la Ley 34\/2002 de 11 de julio de Servicios de la Sociedad de la Informaci\u00f3n y de Comercio Electr\u00f3nico, <\/span><span style=\"font-weight: 400;\">Asociaci\u00f3n Espa\u00f1ola de Directoras y Directores de Fotograf\u00eda, AEC<\/span><span style=\"font-weight: 400;\"> con CIF\/NIF <\/span><span style=\"font-weight: 400;\">G80555758<\/span> <span style=\"font-weight: 400;\">, en adelante <\/span><span style=\"font-weight: 400;\">Asociaci\u00f3n Espa\u00f1ola de Directoras y Directores de Fotograf\u00eda, AEC<\/span><span style=\"font-weight: 400;\">, en calidad de titular del sitio web cineaec.com, con domicilio en <\/span><span style=\"font-weight: 400;\">Calle Juan \u00c1lvarez Mendizabal, 32, 1\u00aa- derecha. 28008 Madrid<\/span><span style=\"font-weight: 400;\"> y direcci\u00f3n de correo electr\u00f3nico gerencia@cineaec.com, procede a comunicarles la presente informaci\u00f3n que conforma y regula las condiciones de uso en esta p\u00e1gina, las limitaciones de responsabilidad y las obligaciones que, los usuarios del sitio web que se publica bajo el nombre de dominio cineaec.com, asumen y se comprometen a respetar.<\/span><\/p><p><strong>FINALIDAD DEL TRATAMIENTO DE DATOS<\/strong><\/p><p><span style=\"font-weight: 400;\">En nuestro sitio web tratamos datos de car\u00e1cter personal que el usuario nos facilita a trav\u00e9s del formulario \u201cContacto\u201d. Estos datos tienen la finalidad de remitirle la informaci\u00f3n solicitada y resolver las dudas que nos pueda plantear, as\u00ed como para enviarle comunicaciones electr\u00f3nicas relativas a nuestros servicios, si nos ha dado su consentimiento expresamente.  <\/span><\/p><p><span style=\"font-weight: 400;\">Estos datos tienen la finalidad de remitirle la informaci\u00f3n solicitada y resolver las dudas que nos pueda plantear, as\u00ed como para enviarle comunicaciones electr\u00f3nicas relativas a nuestros servicios, si nos ha dado su consentimiento expresamente. <\/span><\/p><p><span style=\"font-weight: 400;\">Los datos se almacenar\u00e1n mientras exista previsi\u00f3n de su uso para el fin por el que fueron recabados.<\/span><\/p><p><span style=\"font-weight: 400;\"> Asociaci\u00f3n Espa\u00f1ola de Directoras y Directores de Fotograf\u00eda, AEC est\u00e1 presente en Facebook e Instagram para informar sobre sus servicios, as\u00ed cualquier otra actividad que realicemos y queramos darle publicidad, pero en ning\u00fan momento obtendremos de estas redes sociales datos personales de usuarios que interact\u00faen en ellas, a menos que haya autorizaci\u00f3n expresa.<\/span><\/p><p><span style=\"font-weight: 400;\">No se realizan tomas de decisiones automatizadas con tus datos.<\/span><\/p><p><span style=\"font-weight: 400;\">La web puede utilizar cookies, consulta nuestra pol\u00edtica de cookies.<\/span><\/p><p><strong>LEGITIMACI\u00d3N DEL TRATAMIENTO DE DATOS<\/strong><\/p><p><span style=\"font-weight: 400;\">El uso de tus datos se realiza porque nos das tu consentimiento para usar los que nos proporcionas en los formularios para un uso espec\u00edfico que se indica en cada uno de ellos. Tus datos solo son necesarios para los usos concretos por los que se te solicitan, si no nos los facilitas, esos servicios no son posibles. <\/span><\/p><p><span style=\"font-weight: 400;\">TRANSFERENCIAS Y CESIONES DE DATOS<\/span><\/p><p><span style=\"font-weight: 400;\">Existe un compromiso firme por nuestra parte de que los datos que proporcione a Asociaci\u00f3n Espa\u00f1ola de Directoras y Directores de Fotograf\u00eda, AEC no ser\u00e1n vendidos ni cedidos a terceras personas sin el previo consentimiento del interesado bajo ning\u00fan concepto o circunstancia, salvo consentimiento expreso u obligaci\u00f3n legal.<\/span><\/p><p><span style=\"font-weight: 400;\">Nuestro sitio web contiene enlaces hacia sitios web de terceros.Asociaci\u00f3n Espa\u00f1ola de Directoras y Directores de Fotograf\u00eda, AEC no se hace responsable por las pol\u00edticas y pr\u00e1cticas de privacidad de estos otros sitios.<\/span><\/p><p><strong>DERECHOS DE LOS INTERESADOS<\/strong><\/p><p><span style=\"font-weight: 400;\">Tienes el derecho de acceder a la informaci\u00f3n que sobre tu persona est\u00e1 almacenada en nuestras bases de datos, rectificarla si existiera alguna errata, suprimirla, limitarla, oponerte a su tratamiento y retirar tu consentimiento si ese es tu deseo. Para ello simplemente debes escribir un e-mail a la direcci\u00f3n de correo electr\u00f3nico gerencia@cineaec.com donde te atenderemos gustosamente cualquier consulta, comentario o aclaraci\u00f3n requerida al respecto. <\/span><\/p><p><span style=\"font-weight: 400;\">Para mayor informaci\u00f3n sobre temas relacionados, el sitio de referencia en la Red espa\u00f1ola es la <\/span><a href=\"https:\/\/www.agpd.es\/\"><span style=\"font-weight: 400;\">Agencia de Protecci\u00f3n de Datos<\/span><\/a><span style=\"font-weight: 400;\">, donde tienes derecho a reclamar.<\/span><\/p><p><strong>SEGURIDAD Y CONFIDENCIALIDAD DE SUS DATOS<\/strong><\/p><p><span style=\"font-weight: 400;\">En Asociaci\u00f3n Espa\u00f1ola de Directoras y Directores de Fotograf\u00eda, AEC hemos adoptado todas las medidas necesarias de \u00edndole t\u00e9cnica y organizativa, para garantizar la seguridad de los datos personales que nos ha suministrado. Todo ello para evitar la alteraci\u00f3n, perdida o tratamientos no autorizados, tal y como exige la normativa, si bien la seguridad absoluta no existe. <\/span><\/p><p><span style=\"font-weight: 400;\">De la misma forma, el personal de Asociaci\u00f3n Espa\u00f1ola de Directoras y Directores de Fotograf\u00eda, AEC ha adoptado el compromiso de tratar sus datos con el m\u00e1ximo celo y confidencialidad.<\/span><\/p><p><br><br><\/p>\t\t\t\t\t\t\t\t<\/div>\n\t\t\t\t\t<\/div>\n\t\t\t\t<\/div>\n\t\t\t\t<\/div>\n\t\t","protected":false},"excerpt":{"rendered":"<p>INTRODUCCI\u00d3N En Asociaci\u00f3n Espa\u00f1ola de Directoras y Directores de Fotograf\u00eda, AEC sensibilizados con las necesidades de los usuarios de Internet y conscientes de la importancia de la rigurosa privacidad de la informaci\u00f3n personal que nos conf\u00edan, incluimos esta declaraci\u00f3n de privacidad con el objeto de que seas consciente de la pol\u00edtica en el tratamiento de [&hellip;]<\/p>\n","protected":false},"author":2,"featured_media":0,"parent":0,"menu_order":0,"comment_status":"closed","ping_status":"closed","template":"","meta":{"_acf_changed":false,"footnotes":""},"class_list":["post-2149","page","type-page","status-publish","hentry"],"acf":[],"yoast_head":"<!-- This site is optimized with the Yoast SEO plugin v27.2 - https:\/\/yoast.com\/product\/yoast-seo-wordpress\/ -->\n<title>Privacy policy - AEC<\/title>\n<meta name=\"robots\" content=\"noindex, nofollow\" \/>\n<meta property=\"og:locale\" content=\"en_US\" \/>\n<meta property=\"og:type\" content=\"article\" \/>\n<meta property=\"og:title\" content=\"Privacy policy - AEC\" \/>\n<meta property=\"og:description\" content=\"INTRODUCCI\u00d3N En Asociaci\u00f3n Espa\u00f1ola de Directoras y Directores de Fotograf\u00eda, AEC sensibilizados con las necesidades de los usuarios de Internet y conscientes de la importancia de la rigurosa privacidad de la informaci\u00f3n personal que nos conf\u00edan, incluimos esta declaraci\u00f3n de privacidad con el objeto de que seas consciente de la pol\u00edtica en el tratamiento de [&hellip;]\" \/>\n<meta property=\"og:url\" content=\"https:\/\/www.cineaec.com\/en\/privacy-policy\/\" \/>\n<meta property=\"og:site_name\" content=\"AEC\" \/>\n<meta property=\"article:modified_time\" content=\"2025-12-04T17:20:22+00:00\" \/>\n<meta name=\"twitter:card\" content=\"summary_large_image\" \/>\n<meta name=\"twitter:label1\" content=\"Est. reading time\" \/>\n\t<meta name=\"twitter:data1\" content=\"4 minutes\" \/>\n<script type=\"application\/ld+json\" class=\"yoast-schema-graph\">{\"@context\":\"https:\/\/schema.org\",\"@graph\":[{\"@type\":\"WebPage\",\"@id\":\"https:\/\/www.cineaec.com\/en\/privacy-policy\/\",\"url\":\"https:\/\/www.cineaec.com\/en\/privacy-policy\/\",\"name\":\"Privacy policy - AEC\",\"isPartOf\":{\"@id\":\"https:\/\/www.cineaec.com\/en\/#website\"},\"datePublished\":\"2025-12-04T16:27:49+00:00\",\"dateModified\":\"2025-12-04T17:20:22+00:00\",\"breadcrumb\":{\"@id\":\"https:\/\/www.cineaec.com\/en\/privacy-policy\/#breadcrumb\"},\"inLanguage\":\"en-US\",\"potentialAction\":[{\"@type\":\"ReadAction\",\"target\":[\"https:\/\/www.cineaec.com\/en\/privacy-policy\/\"]}]},{\"@type\":\"BreadcrumbList\",\"@id\":\"https:\/\/www.cineaec.com\/en\/privacy-policy\/#breadcrumb\",\"itemListElement\":[{\"@type\":\"ListItem\",\"position\":1,\"name\":\"Portada\",\"item\":\"https:\/\/www.cineaec.com\/en\/home\/\"},{\"@type\":\"ListItem\",\"position\":2,\"name\":\"Privacy policy\"}]},{\"@type\":\"WebSite\",\"@id\":\"https:\/\/www.cineaec.com\/en\/#website\",\"url\":\"https:\/\/www.cineaec.com\/en\/\",\"name\":\"AEC\",\"description\":\"sociaci\u00f3n Espa\u00f1ola de Directoras y Directores de Fotograf\u00eda.\",\"publisher\":{\"@id\":\"https:\/\/www.cineaec.com\/en\/#organization\"},\"potentialAction\":[{\"@type\":\"SearchAction\",\"target\":{\"@type\":\"EntryPoint\",\"urlTemplate\":\"https:\/\/www.cineaec.com\/en\/?s={search_term_string}\"},\"query-input\":{\"@type\":\"PropertyValueSpecification\",\"valueRequired\":true,\"valueName\":\"search_term_string\"}}],\"inLanguage\":\"en-US\"},{\"@type\":\"Organization\",\"@id\":\"https:\/\/www.cineaec.com\/en\/#organization\",\"name\":\"AEC\",\"url\":\"https:\/\/www.cineaec.com\/en\/\",\"logo\":{\"@type\":\"ImageObject\",\"inLanguage\":\"en-US\",\"@id\":\"https:\/\/www.cineaec.com\/en\/#\/schema\/logo\/image\/\",\"url\":\"https:\/\/www.cineaec.com\/wp-content\/uploads\/2025\/11\/logo-AEC.svg\",\"contentUrl\":\"https:\/\/www.cineaec.com\/wp-content\/uploads\/2025\/11\/logo-AEC.svg\",\"caption\":\"AEC\"},\"image\":{\"@id\":\"https:\/\/www.cineaec.com\/en\/#\/schema\/logo\/image\/\"}}]}<\/script>\n<!-- \/ Yoast SEO plugin. -->","yoast_head_json":{"title":"Privacy policy - AEC","robots":{"index":"noindex","follow":"nofollow"},"og_locale":"en_US","og_type":"article","og_title":"Privacy policy - AEC","og_description":"INTRODUCCI\u00d3N En Asociaci\u00f3n Espa\u00f1ola de Directoras y Directores de Fotograf\u00eda, AEC sensibilizados con las necesidades de los usuarios de Internet y conscientes de la importancia de la rigurosa privacidad de la informaci\u00f3n personal que nos conf\u00edan, incluimos esta declaraci\u00f3n de privacidad con el objeto de que seas consciente de la pol\u00edtica en el tratamiento de [&hellip;]","og_url":"https:\/\/www.cineaec.com\/en\/privacy-policy\/","og_site_name":"AEC","article_modified_time":"2025-12-04T17:20:22+00:00","twitter_card":"summary_large_image","twitter_misc":{"Est. reading time":"4 minutes"},"schema":{"@context":"https:\/\/schema.org","@graph":[{"@type":"WebPage","@id":"https:\/\/www.cineaec.com\/en\/privacy-policy\/","url":"https:\/\/www.cineaec.com\/en\/privacy-policy\/","name":"Privacy policy - AEC","isPartOf":{"@id":"https:\/\/www.cineaec.com\/en\/#website"},"datePublished":"2025-12-04T16:27:49+00:00","dateModified":"2025-12-04T17:20:22+00:00","breadcrumb":{"@id":"https:\/\/www.cineaec.com\/en\/privacy-policy\/#breadcrumb"},"inLanguage":"en-US","potentialAction":[{"@type":"ReadAction","target":["https:\/\/www.cineaec.com\/en\/privacy-policy\/"]}]},{"@type":"BreadcrumbList","@id":"https:\/\/www.cineaec.com\/en\/privacy-policy\/#breadcrumb","itemListElement":[{"@type":"ListItem","position":1,"name":"Portada","item":"https:\/\/www.cineaec.com\/en\/home\/"},{"@type":"ListItem","position":2,"name":"Privacy policy"}]},{"@type":"WebSite","@id":"https:\/\/www.cineaec.com\/en\/#website","url":"https:\/\/www.cineaec.com\/en\/","name":"AEC","description":"sociaci\u00f3n Espa\u00f1ola de Directoras y Directores de Fotograf\u00eda.","publisher":{"@id":"https:\/\/www.cineaec.com\/en\/#organization"},"potentialAction":[{"@type":"SearchAction","target":{"@type":"EntryPoint","urlTemplate":"https:\/\/www.cineaec.com\/en\/?s={search_term_string}"},"query-input":{"@type":"PropertyValueSpecification","valueRequired":true,"valueName":"search_term_string"}}],"inLanguage":"en-US"},{"@type":"Organization","@id":"https:\/\/www.cineaec.com\/en\/#organization","name":"AEC","url":"https:\/\/www.cineaec.com\/en\/","logo":{"@type":"ImageObject","inLanguage":"en-US","@id":"https:\/\/www.cineaec.com\/en\/#\/schema\/logo\/image\/","url":"https:\/\/www.cineaec.com\/wp-content\/uploads\/2025\/11\/logo-AEC.svg","contentUrl":"https:\/\/www.cineaec.com\/wp-content\/uploads\/2025\/11\/logo-AEC.svg","caption":"AEC"},"image":{"@id":"https:\/\/www.cineaec.com\/en\/#\/schema\/logo\/image\/"}}]}},"_links":{"self":[{"href":"https:\/\/www.cineaec.com\/en\/wp-json\/wp\/v2\/pages\/2149","targetHints":{"allow":["GET"]}}],"collection":[{"href":"https:\/\/www.cineaec.com\/en\/wp-json\/wp\/v2\/pages"}],"about":[{"href":"https:\/\/www.cineaec.com\/en\/wp-json\/wp\/v2\/types\/page"}],"author":[{"embeddable":true,"href":"https:\/\/www.cineaec.com\/en\/wp-json\/wp\/v2\/users\/2"}],"replies":[{"embeddable":true,"href":"https:\/\/www.cineaec.com\/en\/wp-json\/wp\/v2\/comments?post=2149"}],"version-history":[{"count":1,"href":"https:\/\/www.cineaec.com\/en\/wp-json\/wp\/v2\/pages\/2149\/revisions"}],"predecessor-version":[{"id":2150,"href":"https:\/\/www.cineaec.com\/en\/wp-json\/wp\/v2\/pages\/2149\/revisions\/2150"}],"wp:attachment":[{"href":"https:\/\/www.cineaec.com\/en\/wp-json\/wp\/v2\/media?parent=2149"}],"curies":[{"name":"wp","href":"https:\/\/api.w.org\/{rel}","templated":true}]}}