{"id":2258,"date":"2025-12-05T07:52:08","date_gmt":"2025-12-05T07:52:08","guid":{"rendered":"https:\/\/www.cineaec.com\/?page_id=2258"},"modified":"2025-12-05T07:52:08","modified_gmt":"2025-12-05T07:52:08","slug":"aviso-legal-2","status":"publish","type":"page","link":"https:\/\/www.cineaec.com\/en\/aviso-legal-2\/","title":{"rendered":"Aviso legal"},"content":{"rendered":"\t\t<div data-elementor-type=\"wp-page\" data-elementor-id=\"2258\" class=\"elementor elementor-2258 elementor-2257\" data-elementor-post-type=\"page\">\n\t\t\t\t<div class=\"elementor-element elementor-element-24008a1 e-flex e-con-boxed e-con e-parent\" data-id=\"24008a1\" data-element_type=\"container\" data-e-type=\"container\">\n\t\t\t\t\t<div class=\"e-con-inner\">\n\t\t\t\t<div class=\"elementor-element elementor-element-d0d3dc9 elementor-widget elementor-widget-heading\" data-id=\"d0d3dc9\" data-element_type=\"widget\" data-e-type=\"widget\" data-widget_type=\"heading.default\">\n\t\t\t\t\t<h1 class=\"elementor-heading-title elementor-size-default\">Aviso legal<\/h1>\t\t\t\t<\/div>\n\t\t\t\t<div class=\"elementor-element elementor-element-dc90555 elementor-widget elementor-widget-text-editor\" data-id=\"dc90555\" data-element_type=\"widget\" data-e-type=\"widget\" data-widget_type=\"text-editor.default\">\n\t\t\t\t\t\t\t\t\t<p><strong>DATOS IDENTIFICATIVOS DEL TITULAR DEL SITIO WEB<\/strong><\/p><p><span style=\"font-weight: 400;\">En cumplimiento del deber de informaci\u00f3n estipulado en el art\u00edculo 10 de la Ley 34\/2002 de 11 de julio de Servicios de la Sociedad de la Informaci\u00f3n y de Comercio Electr\u00f3nico, <\/span><span style=\"font-weight: 400;\">Asociaci\u00f3n Espa\u00f1ola de Directoras y Directores de Fotograf\u00eda, AEC<\/span><span style=\"font-weight: 400;\"> con CIF\/NIF <\/span><span style=\"font-weight: 400;\">G80555758<\/span> <span style=\"font-weight: 400;\">, en adelante <\/span><span style=\"font-weight: 400;\">Asociaci\u00f3n Espa\u00f1ola de Directoras y Directores de Fotograf\u00eda, AEC<\/span><span style=\"font-weight: 400;\">, en calidad de titular del sitio web cineaec.com, con domicilio en <\/span><span style=\"font-weight: 400;\">Calle Juan \u00c1lvarez Mendizabal, 32, 1\u00aa- derecha. 28008 Madrid<\/span><span style=\"font-weight: 400;\"> y direcci\u00f3n de correo electr\u00f3nico gerencia@cineaec.com, procede a comunicarles la presente informaci\u00f3n que conforma y regula las condiciones de uso en esta p\u00e1gina, las limitaciones de responsabilidad y las obligaciones que, los usuarios del sitio web que se publica bajo el nombre de dominio cineaec.com, asumen y se comprometen a respetar.<\/span><\/p><p><strong>CONDICIONES DE USO<\/strong><\/p><p><span style=\"font-weight: 400;\">La utilizaci\u00f3n de Asociaci\u00f3n Espa\u00f1ola de Directoras y Directores de Fotograf\u00eda, AEC<\/span> <span style=\"font-weight: 400;\">otorga la condici\u00f3n de Usuario de Asociaci\u00f3n Espa\u00f1ola de Directoras y Directores de Fotograf\u00eda, AEC, bien sea persona f\u00edsica o jur\u00eddica y obligatoriamente implica la aceptaci\u00f3n completa, plena y sin reservas de todas y cada una de las cl\u00e1usulas y condiciones generales incluidas en el Aviso Legal. Si el Usuario no estuviera conforme con las cl\u00e1usulas y condiciones de uso de este Aviso Legal, se abstendr\u00e1 de utilizar Asociaci\u00f3n Espa\u00f1ola de Directoras y Directores de Fotograf\u00eda, AEC. Este Aviso Legal est\u00e1 sujeto a cambios y actualizaciones por lo que la versi\u00f3n publicada por Asociaci\u00f3n Espa\u00f1ola de Directoras y Directores de Fotograf\u00eda, AEC puede ser diferente en cada momento en que el Usuario acceda al Portal. Por tanto, el Usuario debe leer el Aviso Legal en todas y cada una de las ocasiones en que acceda a Asociaci\u00f3n Espa\u00f1ola de Directoras y Directores de Fotograf\u00eda, AEC.   <\/span><\/p><p><span style=\"font-weight: 400;\">A trav\u00e9s de Asociaci\u00f3n Espa\u00f1ola de Directoras y Directores de Fotograf\u00eda, AEC, Asociaci\u00f3n Espa\u00f1ola de Directoras y Directores de Fotograf\u00eda, AEC facilita al Usuario el acceso y la utilizaci\u00f3n de diversos Contenidos publicados por medio de Internet por Asociaci\u00f3n Espa\u00f1ola de Directoras y Directores de Fotograf\u00eda, AEC o por terceros autorizados.<\/span><\/p><p><span style=\"font-weight: 400;\">El Usuario est\u00e1 obligado y se compromete a utilizar Asociaci\u00f3n Espa\u00f1ola de Directoras y Directores de Fotograf\u00eda, AEC y los Contenidos de conformidad con la legislaci\u00f3n vigente, el Aviso Legal, y cualquier otro aviso o instrucciones puestos en su conocimiento, bien sea por medio de este aviso legal o en cualquier otro lugar dentro de los Contenidos que conforman Asociaci\u00f3n Espa\u00f1ola de Directoras y Directores de Fotograf\u00eda, AEC, como son las normas de convivencia, la moral y buenas costumbres generalmente aceptadas. A tal efecto, el Usuario se obliga y compromete a NO utilizar cualquiera de los Contenidos con fines o efectos il\u00edcitos, prohibidos en el Aviso Legal o por la legislaci\u00f3n vigente, lesivos de los derechos e intereses de terceros, o que de cualquier forma puedan da\u00f1ar, inutilizar, sobrecargar, deteriorar o impedir la normal utilizaci\u00f3n de los Contenidos, los equipos inform\u00e1ticos o los documentos, archivos y toda clase de contenidos almacenados en cualquier equipo inform\u00e1tico propios o contratados por Asociaci\u00f3n Espa\u00f1ola de Directoras y Directores de Fotograf\u00eda, AEC, de otro USUARIO o de cualquier usuario de Internet (hardware y software). <\/span><\/p><p><span style=\"font-weight: 400;\">El Usuario se obliga y se compromete a no transmitir, difundir o poner a disposici\u00f3n de terceros cualquier clase de material contenido en Asociaci\u00f3n Espa\u00f1ola de Directoras y Directores de Fotograf\u00eda, AEC, tales como informaciones, textos, datos, contenidos, mensajes, gr\u00e1ficos, dibujos, archivos de sonido y\/o imagen, fotograf\u00edas, grabaciones, software, logotipos, marcas, iconos, tecnolog\u00eda, fotograf\u00edas, software, enlaces, dise\u00f1o gr\u00e1fico y c\u00f3digos fuente, o cualquier otro material al que tuviera acceso en su condici\u00f3n de Usuario de Asociaci\u00f3n Espa\u00f1ola de Directoras y Directores de Fotograf\u00eda, AEC, sin que esta enumeraci\u00f3n tenga car\u00e1cter limitativo. Asimismo, de conformidad con todo ello, el Usuario no podr\u00e1: <\/span><\/p><ul><li style=\"font-weight: 400;\" aria-level=\"1\"><span style=\"font-weight: 400;\">Reproducir, copiar, distribuir, poner a disposici\u00f3n o de cualquier otra forma comunicar p\u00fablicamente, transformar o modificar los Contenidos, a menos que se cuente con la autorizaci\u00f3n escrita y expl\u00edcita de Asociaci\u00f3n Espa\u00f1ola de Directoras y Directores de Fotograf\u00eda, AEC, que es titular de los correspondientes derechos, o bien que ello resulte legalmente permitido.<\/span><\/li><li style=\"font-weight: 400;\" aria-level=\"1\"><span style=\"font-weight: 400;\">Suprimir, manipular o de cualquier forma alterar el \u201ccopyright\u201d y dem\u00e1s datos identificativos de la reserva de derechos de Asociaci\u00f3n Espa\u00f1ola de Directoras y Directores de Fotograf\u00eda, AEC o de sus titulares, de las huellas y\/o identificadores digitales, marcas de agua, o de cualesquiera otros medios t\u00e9cnicos establecidos para su reconocimiento.<\/span><\/li><\/ul><p><span style=\"font-weight: 400;\">El Usuario deber\u00e1 abstenerse de obtener e incluso de intentar obtener los Contenidos empleando para ello medios o procedimientos distintos de los que, seg\u00fan los casos, se hayan puesto a su disposici\u00f3n a este efecto o se hayan indicado a este efecto en las p\u00e1ginas web donde se encuentren los Contenidos o, en general, de los que se empleen habitualmente en Internet a este efecto siempre que no entra\u00f1en un riesgo de da\u00f1o o inutilizaci\u00f3n Asociaci\u00f3n Espa\u00f1ola de Directoras y Directores de Fotograf\u00eda, AEC, y\/o de los Contenidos.<\/span><\/p><p><strong>PROPIEDAD INTELECTUAL<\/strong><\/p><p><span style=\"font-weight: 400;\">Todas las marcas, nombres comerciales o signos distintivos de cualquier clase que aparecen en Asociaci\u00f3n Espa\u00f1ola de Directoras y Directores de Fotograf\u00eda, AEC son propiedad de Asociaci\u00f3n Espa\u00f1ola de Directoras y Directores de Fotograf\u00eda, AEC o, en su caso, de sus respectivos propietarios, sin que pueda entenderse que el uso o acceso al Portal y\/o a los Contenidos atribuya al Usuario derecho alguno sobre las citadas marcas, nombres comerciales y\/o signos distintivos y sin que puedan entenderse cedidos al Usuario, ninguno de los derechos de explotaci\u00f3n que existen o puedan existir sobre dichos Contenidos. De igual modo los Contenidos son propiedad intelectual de Asociaci\u00f3n Espa\u00f1ola de Directoras y Directores de Fotograf\u00eda, AEC, o de terceros en su caso, por tanto, los derechos de Propiedad Intelectual son titularidad de Asociaci\u00f3n Espa\u00f1ola de Directoras y Directores de Fotograf\u00eda, AEC o de terceros que han autorizado su uso, a quienes corresponde el ejercicio exclusivo de los derechos de explotaci\u00f3n de los mismos en cualquier forma y, en especial, los derechos de reproducci\u00f3n, distribuci\u00f3n, comunicaci\u00f3n p\u00fablica y transformaci\u00f3n. La utilizaci\u00f3n no autorizada de la informaci\u00f3n contenida en esta Web, as\u00ed como la lesi\u00f3n de los derechos de Propiedad Intelectual o Industrial de Asociaci\u00f3n Espa\u00f1ola de Directoras y Directores de Fotograf\u00eda, AEC o de terceros incluidos en Asociaci\u00f3n Espa\u00f1ola de Directoras y Directores de Fotograf\u00eda, AEC que hayan cedido contenidos dar\u00e1 lugar a las responsabilidades legalmente establecidas.  <\/span><\/p><p><strong>DISPONIBILIDAD DE Asociaci\u00f3n Espa\u00f1ola de Directoras y Directores de Fotograf\u00eda, AEC<\/strong><\/p><p><span style=\"font-weight: 400;\">Asociaci\u00f3n Espa\u00f1ola de Directoras y Directores de Fotograf\u00eda, AEC no garantiza la inexistencia de interrupciones o errores en el acceso a Asociaci\u00f3n Espa\u00f1ola de Directoras y Directores de Fotograf\u00eda, AEC, a sus contenidos, ni que \u00e9ste se encuentren actualizados, aunque desarrollar\u00e1 sus mejores esfuerzos para, en su caso, evitarlos, subsanarlos o actualizarlos. Por consiguiente, Asociaci\u00f3n Espa\u00f1ola de Directoras y Directores de Fotograf\u00eda, AEC no se responsabiliza de los da\u00f1os o perjuicios de cualquier tipo producidos en el Usuario que traigan causa de fallos o desconexiones en las redes de telecomunicaciones que produzcan la suspensi\u00f3n, cancelaci\u00f3n o interrupci\u00f3n del servicio del portal durante la prestaci\u00f3n del mismo o con car\u00e1cter previo. <\/span><\/p><p><span style=\"font-weight: 400;\">Asociaci\u00f3n Espa\u00f1ola de Directoras y Directores de Fotograf\u00eda, AEC excluye, con las excepciones contempladas en la legislaci\u00f3n vigente, cualquier responsabilidad por los da\u00f1os y perjuicios de toda naturaleza que puedan deberse a la falta de disponibilidad, continuidad o calidad del funcionamiento de Asociaci\u00f3n Espa\u00f1ola de Directoras y Directores de Fotograf\u00eda, AEC y de los Contenidos, al no cumplimiento de la expectativa de utilidad que el USUARIO hubiera podido atribuir a Asociaci\u00f3n Espa\u00f1ola de Directoras y Directores de Fotograf\u00eda, AEC y a los Contenidos.<\/span><\/p><p><span style=\"font-weight: 400;\">La funci\u00f3n de los Hiperenlaces que aparecen en esta Web es exclusivamente la de informar al Usuario acerca de la existencia de otras Web que contienen informaci\u00f3n sobre la materia. Dichos Hiperenlaces no constituyen sugerencia ni recomendaci\u00f3n alguna.<\/span><\/p><p><span style=\"font-weight: 400;\">Asociaci\u00f3n Espa\u00f1ola de Directoras y Directores de Fotograf\u00eda, AEC no se hace responsable de los contenidos de dichas p\u00e1ginas enlazadas, del funcionamiento o utilidad de los Hiperenlaces ni del resultado de dichos enlaces, ni garantiza la ausencia de virus u otros elementos en los mismos que puedan producir alteraciones en el sistema inform\u00e1tico (hardware y software), los documentos o los ficheros del Usuario, excluyendo cualquier responsabilidad por los da\u00f1os de cualquier clase causados al Usuario por este motivo.<\/span><\/p><p><span style=\"font-weight: 400;\">El acceso a Asociaci\u00f3n Espa\u00f1ola de Directoras y Directores de Fotograf\u00eda, AEC no implica la obligaci\u00f3n por parte de Asociaci\u00f3n Espa\u00f1ola de Directoras y Directores de Fotograf\u00eda, AEC de controlar la ausencia de virus, gusanos o cualquier otro elemento inform\u00e1tico da\u00f1ino. Corresponde al Usuario, en todo caso, la disponibilidad de herramientas adecuadas para la detecci\u00f3n y desinfecci\u00f3n de programas inform\u00e1ticos da\u00f1inos, por lo tanto,Asociaci\u00f3n Espa\u00f1ola de Directoras y Directores de Fotograf\u00eda, AEC no se hace responsable de los posibles errores de seguridad que se puedan producir durante la prestaci\u00f3n del servicio de Asociaci\u00f3n Espa\u00f1ola de Directoras y Directores de Fotograf\u00eda, AEC, ni de los posibles da\u00f1os que puedan causarse al sistema inform\u00e1tico del Usuario o de terceros (hardware y software), los ficheros o documentos almacenados en el mismo, como consecuencia de la presencia de virus en el ordenador del Usuario utilizado para la conexi\u00f3n a los servicios y contenidos de la Web, de un mal funcionamiento del navegador o del uso de versiones no actualizadas del mismo.<\/span><\/p><p><span style=\"font-weight: 400;\">La prestaci\u00f3n del servicio de Asociaci\u00f3n Espa\u00f1ola de Directoras y Directores de Fotograf\u00eda, AEC y de los Contenidos tiene, en principio, duraci\u00f3n indefinida.Asociaci\u00f3n Espa\u00f1ola de Directoras y Directores de Fotograf\u00eda, AEC, no obstante, queda autorizado para dar por terminada o suspender la prestaci\u00f3n del servicio Asociaci\u00f3n Espa\u00f1ola de Directoras y Directores de Fotograf\u00eda, AEC y\/o de cualquiera de los Contenidos en cualquier momento. Cuando ello sea razonablemente posible,Asociaci\u00f3n Espa\u00f1ola de Directoras y Directores de Fotograf\u00eda, AEC advertir\u00e1 previamente la terminaci\u00f3n o suspensi\u00f3n del contrato Asociaci\u00f3n Espa\u00f1ola de Directoras y Directores de Fotograf\u00eda, AEC.<\/span><\/p><p><strong>CALIDAD DE Asociaci\u00f3n Espa\u00f1ola de Directoras y Directores de Fotograf\u00eda, AEC<\/strong><\/p><p><span style=\"font-weight: 400;\">Dado el entorno din\u00e1mico y cambiante de la informaci\u00f3n y servicios que se suministran por medio de Asociaci\u00f3n Espa\u00f1ola de Directoras y Directores de Fotograf\u00eda, AEC, Asociaci\u00f3n Espa\u00f1ola de Directoras y Directores de Fotograf\u00eda, AEC realiza su mejor esfuerzo, pero no garantiza la completa veracidad, exactitud, fiabilidad, utilidad y\/o actualidad de los Contenidos. La informaci\u00f3n contenida en las p\u00e1ginas que componen este Portal s\u00f3lo tiene car\u00e1cter informativo, consultivo, divulgativo y publicitario. En ning\u00fan caso ofrecen ni tienen car\u00e1cter de compromiso vinculante o contractual.<\/span><\/p><p><strong>LIMITACI\u00d3N DE RESPONSABILIDAD<\/strong><\/p><p><span style=\"font-weight: 400;\">Asociaci\u00f3n Espa\u00f1ola de Directoras y Directores de Fotograf\u00eda, AEC excluye toda responsabilidad por las decisiones que el Usuario pueda tomar basado en esta informaci\u00f3n, as\u00ed como por los posibles errores tipogr\u00e1ficos que puedan contener los documentos y gr\u00e1ficos de Asociaci\u00f3n Espa\u00f1ola de Directoras y Directores de Fotograf\u00eda, AEC. La informaci\u00f3n est\u00e1 sometida a posibles cambios peri\u00f3dicos sin previo aviso de su contenido por ampliaci\u00f3n, mejora, correcci\u00f3n o actualizaci\u00f3n de los Contenidos.<\/span><\/p><p><strong>NOTIFICACIONES<\/strong><\/p><p><span style=\"font-weight: 400;\">Todas las notificaciones y comunicaciones por parte de Asociaci\u00f3n Espa\u00f1ola de Directoras y Directores de Fotograf\u00eda, AEC al Usuario realizados por cualquier medio se considerar\u00e1n eficaces a todos los efectos.<\/span><\/p><p><strong>JURISDICCI\u00d3N<\/strong><\/p><p><span style=\"font-weight: 400;\">Para cuantas cuestiones se susciten sobre la interpretaci\u00f3n, aplicaci\u00f3n y cumplimiento de este Aviso Legal, as\u00ed como de las reclamaciones que puedan derivarse de su uso, todos las partes intervinientes se someten a los Jueces y Tribunales de la provincia de Madrid, renunciando de forma expresa a cualquier otro fuero que pudiera corresponderles.<\/span><\/p><p><strong>LEGISLACI\u00d3N APLICABLE<\/strong><\/p><p><span style=\"font-weight: 400;\">El presente Aviso Legal se rige por la normativa espa\u00f1ola vigente.<\/span><\/p>\t\t\t\t\t\t\t\t<\/div>\n\t\t\t\t\t<\/div>\n\t\t\t\t<\/div>\n\t\t\t\t<\/div>\n\t\t","protected":false},"excerpt":{"rendered":"<p>DATOS IDENTIFICATIVOS DEL TITULAR DEL SITIO WEB En cumplimiento del deber de informaci\u00f3n estipulado en el art\u00edculo 10 de la Ley 34\/2002 de 11 de julio de Servicios de la Sociedad de la Informaci\u00f3n y de Comercio Electr\u00f3nico, Asociaci\u00f3n Espa\u00f1ola de Directoras y Directores de Fotograf\u00eda, AEC con CIF\/NIF G80555758 , en adelante Asociaci\u00f3n Espa\u00f1ola [&hellip;]<\/p>\n","protected":false},"author":2,"featured_media":0,"parent":0,"menu_order":0,"comment_status":"closed","ping_status":"closed","template":"","meta":{"_acf_changed":false,"footnotes":""},"class_list":["post-2258","page","type-page","status-publish","hentry"],"acf":[],"yoast_head":"<!-- This site is optimized with the Yoast SEO plugin v27.2 - https:\/\/yoast.com\/product\/yoast-seo-wordpress\/ -->\n<title>Aviso legal - AEC<\/title>\n<meta name=\"robots\" content=\"noindex, nofollow\" \/>\n<meta property=\"og:locale\" content=\"en_US\" \/>\n<meta property=\"og:type\" content=\"article\" \/>\n<meta property=\"og:title\" content=\"Aviso legal - AEC\" \/>\n<meta property=\"og:description\" content=\"DATOS IDENTIFICATIVOS DEL TITULAR DEL SITIO WEB En cumplimiento del deber de informaci\u00f3n estipulado en el art\u00edculo 10 de la Ley 34\/2002 de 11 de julio de Servicios de la Sociedad de la Informaci\u00f3n y de Comercio Electr\u00f3nico, Asociaci\u00f3n Espa\u00f1ola de Directoras y Directores de Fotograf\u00eda, AEC con CIF\/NIF G80555758 , en adelante Asociaci\u00f3n Espa\u00f1ola [&hellip;]\" \/>\n<meta property=\"og:url\" content=\"https:\/\/www.cineaec.com\/en\/aviso-legal-2\/\" \/>\n<meta property=\"og:site_name\" content=\"AEC\" \/>\n<meta name=\"twitter:card\" content=\"summary_large_image\" \/>\n<meta name=\"twitter:label1\" content=\"Est. reading time\" \/>\n\t<meta name=\"twitter:data1\" content=\"11 minutes\" \/>\n<script type=\"application\/ld+json\" class=\"yoast-schema-graph\">{\"@context\":\"https:\/\/schema.org\",\"@graph\":[{\"@type\":\"WebPage\",\"@id\":\"https:\/\/www.cineaec.com\/en\/aviso-legal-2\/\",\"url\":\"https:\/\/www.cineaec.com\/en\/aviso-legal-2\/\",\"name\":\"Aviso legal - AEC\",\"isPartOf\":{\"@id\":\"https:\/\/www.cineaec.com\/en\/#website\"},\"datePublished\":\"2025-12-05T07:52:08+00:00\",\"breadcrumb\":{\"@id\":\"https:\/\/www.cineaec.com\/en\/aviso-legal-2\/#breadcrumb\"},\"inLanguage\":\"en-US\",\"potentialAction\":[{\"@type\":\"ReadAction\",\"target\":[\"https:\/\/www.cineaec.com\/en\/aviso-legal-2\/\"]}]},{\"@type\":\"BreadcrumbList\",\"@id\":\"https:\/\/www.cineaec.com\/en\/aviso-legal-2\/#breadcrumb\",\"itemListElement\":[{\"@type\":\"ListItem\",\"position\":1,\"name\":\"Portada\",\"item\":\"https:\/\/www.cineaec.com\/en\/home\/\"},{\"@type\":\"ListItem\",\"position\":2,\"name\":\"Aviso legal\"}]},{\"@type\":\"WebSite\",\"@id\":\"https:\/\/www.cineaec.com\/en\/#website\",\"url\":\"https:\/\/www.cineaec.com\/en\/\",\"name\":\"AEC\",\"description\":\"sociaci\u00f3n Espa\u00f1ola de Directoras y Directores de Fotograf\u00eda.\",\"publisher\":{\"@id\":\"https:\/\/www.cineaec.com\/en\/#organization\"},\"potentialAction\":[{\"@type\":\"SearchAction\",\"target\":{\"@type\":\"EntryPoint\",\"urlTemplate\":\"https:\/\/www.cineaec.com\/en\/?s={search_term_string}\"},\"query-input\":{\"@type\":\"PropertyValueSpecification\",\"valueRequired\":true,\"valueName\":\"search_term_string\"}}],\"inLanguage\":\"en-US\"},{\"@type\":\"Organization\",\"@id\":\"https:\/\/www.cineaec.com\/en\/#organization\",\"name\":\"AEC\",\"url\":\"https:\/\/www.cineaec.com\/en\/\",\"logo\":{\"@type\":\"ImageObject\",\"inLanguage\":\"en-US\",\"@id\":\"https:\/\/www.cineaec.com\/en\/#\/schema\/logo\/image\/\",\"url\":\"https:\/\/www.cineaec.com\/wp-content\/uploads\/2025\/11\/logo-AEC.svg\",\"contentUrl\":\"https:\/\/www.cineaec.com\/wp-content\/uploads\/2025\/11\/logo-AEC.svg\",\"caption\":\"AEC\"},\"image\":{\"@id\":\"https:\/\/www.cineaec.com\/en\/#\/schema\/logo\/image\/\"}}]}<\/script>\n<!-- \/ Yoast SEO plugin. -->","yoast_head_json":{"title":"Aviso legal - AEC","robots":{"index":"noindex","follow":"nofollow"},"og_locale":"en_US","og_type":"article","og_title":"Aviso legal - AEC","og_description":"DATOS IDENTIFICATIVOS DEL TITULAR DEL SITIO WEB En cumplimiento del deber de informaci\u00f3n estipulado en el art\u00edculo 10 de la Ley 34\/2002 de 11 de julio de Servicios de la Sociedad de la Informaci\u00f3n y de Comercio Electr\u00f3nico, Asociaci\u00f3n Espa\u00f1ola de Directoras y Directores de Fotograf\u00eda, AEC con CIF\/NIF G80555758 , en adelante Asociaci\u00f3n Espa\u00f1ola [&hellip;]","og_url":"https:\/\/www.cineaec.com\/en\/aviso-legal-2\/","og_site_name":"AEC","twitter_card":"summary_large_image","twitter_misc":{"Est. reading time":"11 minutes"},"schema":{"@context":"https:\/\/schema.org","@graph":[{"@type":"WebPage","@id":"https:\/\/www.cineaec.com\/en\/aviso-legal-2\/","url":"https:\/\/www.cineaec.com\/en\/aviso-legal-2\/","name":"Aviso legal - AEC","isPartOf":{"@id":"https:\/\/www.cineaec.com\/en\/#website"},"datePublished":"2025-12-05T07:52:08+00:00","breadcrumb":{"@id":"https:\/\/www.cineaec.com\/en\/aviso-legal-2\/#breadcrumb"},"inLanguage":"en-US","potentialAction":[{"@type":"ReadAction","target":["https:\/\/www.cineaec.com\/en\/aviso-legal-2\/"]}]},{"@type":"BreadcrumbList","@id":"https:\/\/www.cineaec.com\/en\/aviso-legal-2\/#breadcrumb","itemListElement":[{"@type":"ListItem","position":1,"name":"Portada","item":"https:\/\/www.cineaec.com\/en\/home\/"},{"@type":"ListItem","position":2,"name":"Aviso legal"}]},{"@type":"WebSite","@id":"https:\/\/www.cineaec.com\/en\/#website","url":"https:\/\/www.cineaec.com\/en\/","name":"AEC","description":"sociaci\u00f3n Espa\u00f1ola de Directoras y Directores de Fotograf\u00eda.","publisher":{"@id":"https:\/\/www.cineaec.com\/en\/#organization"},"potentialAction":[{"@type":"SearchAction","target":{"@type":"EntryPoint","urlTemplate":"https:\/\/www.cineaec.com\/en\/?s={search_term_string}"},"query-input":{"@type":"PropertyValueSpecification","valueRequired":true,"valueName":"search_term_string"}}],"inLanguage":"en-US"},{"@type":"Organization","@id":"https:\/\/www.cineaec.com\/en\/#organization","name":"AEC","url":"https:\/\/www.cineaec.com\/en\/","logo":{"@type":"ImageObject","inLanguage":"en-US","@id":"https:\/\/www.cineaec.com\/en\/#\/schema\/logo\/image\/","url":"https:\/\/www.cineaec.com\/wp-content\/uploads\/2025\/11\/logo-AEC.svg","contentUrl":"https:\/\/www.cineaec.com\/wp-content\/uploads\/2025\/11\/logo-AEC.svg","caption":"AEC"},"image":{"@id":"https:\/\/www.cineaec.com\/en\/#\/schema\/logo\/image\/"}}]}},"_links":{"self":[{"href":"https:\/\/www.cineaec.com\/en\/wp-json\/wp\/v2\/pages\/2258","targetHints":{"allow":["GET"]}}],"collection":[{"href":"https:\/\/www.cineaec.com\/en\/wp-json\/wp\/v2\/pages"}],"about":[{"href":"https:\/\/www.cineaec.com\/en\/wp-json\/wp\/v2\/types\/page"}],"author":[{"embeddable":true,"href":"https:\/\/www.cineaec.com\/en\/wp-json\/wp\/v2\/users\/2"}],"replies":[{"embeddable":true,"href":"https:\/\/www.cineaec.com\/en\/wp-json\/wp\/v2\/comments?post=2258"}],"version-history":[{"count":1,"href":"https:\/\/www.cineaec.com\/en\/wp-json\/wp\/v2\/pages\/2258\/revisions"}],"predecessor-version":[{"id":2259,"href":"https:\/\/www.cineaec.com\/en\/wp-json\/wp\/v2\/pages\/2258\/revisions\/2259"}],"wp:attachment":[{"href":"https:\/\/www.cineaec.com\/en\/wp-json\/wp\/v2\/media?parent=2258"}],"curies":[{"name":"wp","href":"https:\/\/api.w.org\/{rel}","templated":true}]}}