{"id":2466,"date":"2026-01-30T14:34:01","date_gmt":"2026-01-30T14:34:01","guid":{"rendered":"https:\/\/www.cineaec.com\/?page_id=2466"},"modified":"2026-02-03T09:05:59","modified_gmt":"2026-02-03T09:05:59","slug":"active-members-3","status":"publish","type":"page","link":"https:\/\/www.cineaec.com\/en\/aec-members\/active-members-3\/","title":{"rendered":"Thank you &#8211; Active Member Request"},"content":{"rendered":"\t\t<div data-elementor-type=\"wp-page\" data-elementor-id=\"2466\" class=\"elementor elementor-2466 elementor-2465\" data-elementor-post-type=\"page\">\n\t\t\t\t<div class=\"elementor-element elementor-element-9251405 e-con-full e-flex e-con e-parent\" data-id=\"9251405\" data-element_type=\"container\" data-e-type=\"container\" data-settings=\"{&quot;background_background&quot;:&quot;classic&quot;}\">\n\t\t\t\t<div class=\"elementor-element elementor-element-bce2d04 elementor-align-left elementor-widget elementor-widget-breadcrumbs\" data-id=\"bce2d04\" data-element_type=\"widget\" data-e-type=\"widget\" data-widget_type=\"breadcrumbs.default\">\n\t\t\t\t\t<p id=\"breadcrumbs\"><span><span><a href=\"https:\/\/www.cineaec.com\/en\/home\/\">Portada<\/a><\/span><\/span><\/p>\t\t\t\t<\/div>\n\t\t\t\t<\/div>\n\t\t<div class=\"elementor-element elementor-element-01f2bc7 e-flex e-con-boxed e-con e-parent\" data-id=\"01f2bc7\" data-element_type=\"container\" data-e-type=\"container\" id=\"unete\" data-settings=\"{&quot;background_background&quot;:&quot;classic&quot;}\">\n\t\t\t\t\t<div class=\"e-con-inner\">\n\t\t<div class=\"elementor-element elementor-element-2114261 e-con-full e-flex e-con e-child\" data-id=\"2114261\" data-element_type=\"container\" data-e-type=\"container\">\n\t\t\t\t<div class=\"elementor-element elementor-element-3191b02 elementor-widget elementor-widget-heading\" data-id=\"3191b02\" data-element_type=\"widget\" data-e-type=\"widget\" data-widget_type=\"heading.default\">\n\t\t\t\t\t<h3 class=\"elementor-heading-title elementor-size-default\">Thank you for sending us your request<\/h3>\t\t\t\t<\/div>\n\t\t\t\t<div class=\"elementor-element elementor-element-37165da elementor-widget-divider--view-line elementor-widget elementor-widget-divider\" data-id=\"37165da\" data-element_type=\"widget\" data-e-type=\"widget\" data-widget_type=\"divider.default\">\n\t\t\t\t\t\t\t<div class=\"elementor-divider\">\n\t\t\t<span class=\"elementor-divider-separator\">\n\t\t\t\t\t\t<\/span>\n\t\t<\/div>\n\t\t\t\t\t\t<\/div>\n\t\t\t\t<div class=\"elementor-element elementor-element-16c36af elementor-widget__width-inherit elementor-widget elementor-widget-text-editor\" data-id=\"16c36af\" data-element_type=\"widget\" data-e-type=\"widget\" data-widget_type=\"text-editor.default\">\n\t\t\t\t\t\t\t\t\t<p>ACS will review your application as soon as possible. If you have any questions you can write to <a href=\"mailto:secretaria@cineaec.com\"><strong>secretaria@cineaec.com<\/strong><\/a> to make your inquiry   <\/p>\t\t\t\t\t\t\t\t<\/div>\n\t\t\t\t<div class=\"elementor-element elementor-element-9ffa721 elementor-mobile-align-center elementor-widget elementor-widget-button\" data-id=\"9ffa721\" data-element_type=\"widget\" data-e-type=\"widget\" data-widget_type=\"button.default\">\n\t\t\t\t\t\t\t\t\t\t<a class=\"elementor-button elementor-button-link elementor-size-sm\" href=\"https:\/\/www.cineaec.com\/en\/\" target=\"_blank\">\n\t\t\t\t\t\t<span class=\"elementor-button-content-wrapper\">\n\t\t\t\t\t\t\t\t\t<span class=\"elementor-button-text\">Back to top<\/span>\n\t\t\t\t\t<\/span>\n\t\t\t\t\t<\/a>\n\t\t\t\t\t\t\t\t<\/div>\n\t\t\t\t<\/div>\n\t\t\t\t\t<\/div>\n\t\t\t\t<\/div>\n\t\t\t\t<\/div>\n\t\t","protected":false},"excerpt":{"rendered":"<p>Thank you for sending us your request ACS will review your application as soon as possible. If you have any questions you can write to secretaria@cineaec.com to make your inquiry Back to top<\/p>\n","protected":false},"author":2,"featured_media":1825,"parent":1833,"menu_order":0,"comment_status":"closed","ping_status":"closed","template":"","meta":{"_acf_changed":false,"footnotes":""},"class_list":["post-2466","page","type-page","status-publish","has-post-thumbnail","hentry"],"acf":[],"yoast_head":"<!-- This site is optimized with the Yoast SEO plugin v27.2 - https:\/\/yoast.com\/product\/yoast-seo-wordpress\/ -->\n<title>AEC -% AEC Director&#039;s board<\/title>\n<meta name=\"description\" content=\"The AEC is an organization focused on promoting the craft of filmmaking worldwide.\" \/>\n<meta name=\"robots\" content=\"index, follow, max-snippet:-1, max-image-preview:large, max-video-preview:-1\" \/>\n<link rel=\"canonical\" href=\"https:\/\/www.cineaec.com\/en\/aec-members\/active-members-3\/\" \/>\n<meta property=\"og:locale\" content=\"en_US\" \/>\n<meta property=\"og:type\" content=\"article\" \/>\n<meta property=\"og:title\" content=\"AEC -% AEC Director&#039;s board\" \/>\n<meta property=\"og:description\" content=\"The AEC is an organization focused on promoting the craft of filmmaking worldwide.\" \/>\n<meta property=\"og:url\" content=\"https:\/\/www.cineaec.com\/en\/aec-members\/active-members-3\/\" \/>\n<meta property=\"og:site_name\" content=\"AEC\" \/>\n<meta property=\"article:modified_time\" content=\"2026-02-03T09:05:59+00:00\" \/>\n<meta property=\"og:image\" content=\"https:\/\/www.cineaec.com\/wp-content\/uploads\/2025\/11\/aec-junta-directiva.webp\" \/>\n\t<meta property=\"og:image:width\" content=\"1920\" \/>\n\t<meta property=\"og:image:height\" content=\"1188\" \/>\n\t<meta property=\"og:image:type\" content=\"image\/webp\" \/>\n<meta name=\"twitter:card\" content=\"summary_large_image\" \/>\n<script type=\"application\/ld+json\" class=\"yoast-schema-graph\">{\"@context\":\"https:\/\/schema.org\",\"@graph\":[{\"@type\":\"WebPage\",\"@id\":\"https:\/\/www.cineaec.com\/en\/aec-members\/active-members-3\/\",\"url\":\"https:\/\/www.cineaec.com\/en\/aec-members\/active-members-3\/\",\"name\":\"AEC -% AEC Director's board\",\"isPartOf\":{\"@id\":\"https:\/\/www.cineaec.com\/en\/#website\"},\"primaryImageOfPage\":{\"@id\":\"https:\/\/www.cineaec.com\/en\/aec-members\/active-members-3\/#primaryimage\"},\"image\":{\"@id\":\"https:\/\/www.cineaec.com\/en\/aec-members\/active-members-3\/#primaryimage\"},\"thumbnailUrl\":\"https:\/\/www.cineaec.com\/wp-content\/uploads\/2025\/11\/aec-junta-directiva.webp\",\"datePublished\":\"2026-01-30T14:34:01+00:00\",\"dateModified\":\"2026-02-03T09:05:59+00:00\",\"description\":\"The AEC is an organization focused on promoting the craft of filmmaking worldwide.\",\"breadcrumb\":{\"@id\":\"https:\/\/www.cineaec.com\/en\/aec-members\/active-members-3\/#breadcrumb\"},\"inLanguage\":\"en-US\",\"potentialAction\":[{\"@type\":\"ReadAction\",\"target\":[\"https:\/\/www.cineaec.com\/en\/aec-members\/active-members-3\/\"]}]},{\"@type\":\"ImageObject\",\"inLanguage\":\"en-US\",\"@id\":\"https:\/\/www.cineaec.com\/en\/aec-members\/active-members-3\/#primaryimage\",\"url\":\"https:\/\/www.cineaec.com\/wp-content\/uploads\/2025\/11\/aec-junta-directiva.webp\",\"contentUrl\":\"https:\/\/www.cineaec.com\/wp-content\/uploads\/2025\/11\/aec-junta-directiva.webp\",\"width\":1920,\"height\":1188},{\"@type\":\"BreadcrumbList\",\"@id\":\"https:\/\/www.cineaec.com\/en\/aec-members\/active-members-3\/#breadcrumb\",\"itemListElement\":[{\"@type\":\"ListItem\",\"position\":1,\"name\":\"Portada\",\"item\":\"https:\/\/www.cineaec.com\/en\/home\/\"},{\"@type\":\"ListItem\",\"position\":2,\"name\":\"AEC Members\",\"item\":\"https:\/\/www.cineaec.com\/en\/miembros\/\"},{\"@type\":\"ListItem\",\"position\":3,\"name\":\"Thank you &#8211; Active Member Request\"}]},{\"@type\":\"WebSite\",\"@id\":\"https:\/\/www.cineaec.com\/en\/#website\",\"url\":\"https:\/\/www.cineaec.com\/en\/\",\"name\":\"AEC\",\"description\":\"sociaci\u00f3n Espa\u00f1ola de Directoras y Directores de Fotograf\u00eda.\",\"publisher\":{\"@id\":\"https:\/\/www.cineaec.com\/en\/#organization\"},\"potentialAction\":[{\"@type\":\"SearchAction\",\"target\":{\"@type\":\"EntryPoint\",\"urlTemplate\":\"https:\/\/www.cineaec.com\/en\/?s={search_term_string}\"},\"query-input\":{\"@type\":\"PropertyValueSpecification\",\"valueRequired\":true,\"valueName\":\"search_term_string\"}}],\"inLanguage\":\"en-US\"},{\"@type\":\"Organization\",\"@id\":\"https:\/\/www.cineaec.com\/en\/#organization\",\"name\":\"AEC\",\"url\":\"https:\/\/www.cineaec.com\/en\/\",\"logo\":{\"@type\":\"ImageObject\",\"inLanguage\":\"en-US\",\"@id\":\"https:\/\/www.cineaec.com\/en\/#\/schema\/logo\/image\/\",\"url\":\"https:\/\/www.cineaec.com\/wp-content\/uploads\/2025\/11\/logo-AEC.svg\",\"contentUrl\":\"https:\/\/www.cineaec.com\/wp-content\/uploads\/2025\/11\/logo-AEC.svg\",\"caption\":\"AEC\"},\"image\":{\"@id\":\"https:\/\/www.cineaec.com\/en\/#\/schema\/logo\/image\/\"}}]}<\/script>\n<!-- \/ Yoast SEO plugin. -->","yoast_head_json":{"title":"AEC -% AEC Director's board","description":"The AEC is an organization focused on promoting the craft of filmmaking worldwide.","robots":{"index":"index","follow":"follow","max-snippet":"max-snippet:-1","max-image-preview":"max-image-preview:large","max-video-preview":"max-video-preview:-1"},"canonical":"https:\/\/www.cineaec.com\/en\/aec-members\/active-members-3\/","og_locale":"en_US","og_type":"article","og_title":"AEC -% AEC Director's board","og_description":"The AEC is an organization focused on promoting the craft of filmmaking worldwide.","og_url":"https:\/\/www.cineaec.com\/en\/aec-members\/active-members-3\/","og_site_name":"AEC","article_modified_time":"2026-02-03T09:05:59+00:00","og_image":[{"width":1920,"height":1188,"url":"https:\/\/www.cineaec.com\/wp-content\/uploads\/2025\/11\/aec-junta-directiva.webp","type":"image\/webp"}],"twitter_card":"summary_large_image","schema":{"@context":"https:\/\/schema.org","@graph":[{"@type":"WebPage","@id":"https:\/\/www.cineaec.com\/en\/aec-members\/active-members-3\/","url":"https:\/\/www.cineaec.com\/en\/aec-members\/active-members-3\/","name":"AEC -% AEC Director's board","isPartOf":{"@id":"https:\/\/www.cineaec.com\/en\/#website"},"primaryImageOfPage":{"@id":"https:\/\/www.cineaec.com\/en\/aec-members\/active-members-3\/#primaryimage"},"image":{"@id":"https:\/\/www.cineaec.com\/en\/aec-members\/active-members-3\/#primaryimage"},"thumbnailUrl":"https:\/\/www.cineaec.com\/wp-content\/uploads\/2025\/11\/aec-junta-directiva.webp","datePublished":"2026-01-30T14:34:01+00:00","dateModified":"2026-02-03T09:05:59+00:00","description":"The AEC is an organization focused on promoting the craft of filmmaking worldwide.","breadcrumb":{"@id":"https:\/\/www.cineaec.com\/en\/aec-members\/active-members-3\/#breadcrumb"},"inLanguage":"en-US","potentialAction":[{"@type":"ReadAction","target":["https:\/\/www.cineaec.com\/en\/aec-members\/active-members-3\/"]}]},{"@type":"ImageObject","inLanguage":"en-US","@id":"https:\/\/www.cineaec.com\/en\/aec-members\/active-members-3\/#primaryimage","url":"https:\/\/www.cineaec.com\/wp-content\/uploads\/2025\/11\/aec-junta-directiva.webp","contentUrl":"https:\/\/www.cineaec.com\/wp-content\/uploads\/2025\/11\/aec-junta-directiva.webp","width":1920,"height":1188},{"@type":"BreadcrumbList","@id":"https:\/\/www.cineaec.com\/en\/aec-members\/active-members-3\/#breadcrumb","itemListElement":[{"@type":"ListItem","position":1,"name":"Portada","item":"https:\/\/www.cineaec.com\/en\/home\/"},{"@type":"ListItem","position":2,"name":"AEC Members","item":"https:\/\/www.cineaec.com\/en\/miembros\/"},{"@type":"ListItem","position":3,"name":"Thank you &#8211; Active Member Request"}]},{"@type":"WebSite","@id":"https:\/\/www.cineaec.com\/en\/#website","url":"https:\/\/www.cineaec.com\/en\/","name":"AEC","description":"sociaci\u00f3n Espa\u00f1ola de Directoras y Directores de Fotograf\u00eda.","publisher":{"@id":"https:\/\/www.cineaec.com\/en\/#organization"},"potentialAction":[{"@type":"SearchAction","target":{"@type":"EntryPoint","urlTemplate":"https:\/\/www.cineaec.com\/en\/?s={search_term_string}"},"query-input":{"@type":"PropertyValueSpecification","valueRequired":true,"valueName":"search_term_string"}}],"inLanguage":"en-US"},{"@type":"Organization","@id":"https:\/\/www.cineaec.com\/en\/#organization","name":"AEC","url":"https:\/\/www.cineaec.com\/en\/","logo":{"@type":"ImageObject","inLanguage":"en-US","@id":"https:\/\/www.cineaec.com\/en\/#\/schema\/logo\/image\/","url":"https:\/\/www.cineaec.com\/wp-content\/uploads\/2025\/11\/logo-AEC.svg","contentUrl":"https:\/\/www.cineaec.com\/wp-content\/uploads\/2025\/11\/logo-AEC.svg","caption":"AEC"},"image":{"@id":"https:\/\/www.cineaec.com\/en\/#\/schema\/logo\/image\/"}}]}},"_links":{"self":[{"href":"https:\/\/www.cineaec.com\/en\/wp-json\/wp\/v2\/pages\/2466","targetHints":{"allow":["GET"]}}],"collection":[{"href":"https:\/\/www.cineaec.com\/en\/wp-json\/wp\/v2\/pages"}],"about":[{"href":"https:\/\/www.cineaec.com\/en\/wp-json\/wp\/v2\/types\/page"}],"author":[{"embeddable":true,"href":"https:\/\/www.cineaec.com\/en\/wp-json\/wp\/v2\/users\/2"}],"replies":[{"embeddable":true,"href":"https:\/\/www.cineaec.com\/en\/wp-json\/wp\/v2\/comments?post=2466"}],"version-history":[{"count":3,"href":"https:\/\/www.cineaec.com\/en\/wp-json\/wp\/v2\/pages\/2466\/revisions"}],"predecessor-version":[{"id":2526,"href":"https:\/\/www.cineaec.com\/en\/wp-json\/wp\/v2\/pages\/2466\/revisions\/2526"}],"up":[{"embeddable":true,"href":"https:\/\/www.cineaec.com\/en\/wp-json\/wp\/v2\/pages\/1833"}],"wp:featuredmedia":[{"embeddable":true,"href":"https:\/\/www.cineaec.com\/en\/wp-json\/wp\/v2\/media\/1825"}],"wp:attachment":[{"href":"https:\/\/www.cineaec.com\/en\/wp-json\/wp\/v2\/media?parent=2466"}],"curies":[{"name":"wp","href":"https:\/\/api.w.org\/{rel}","templated":true}]}}