{"id":2547,"date":"2026-02-17T10:58:11","date_gmt":"2026-02-17T10:58:11","guid":{"rendered":"https:\/\/www.cineaec.com\/?page_id=2547"},"modified":"2026-02-17T11:02:03","modified_gmt":"2026-02-17T11:02:03","slug":"emeritus-members-2","status":"publish","type":"page","link":"https:\/\/www.cineaec.com\/en\/aec-members\/emeritus-members-2\/","title":{"rendered":"Honorary Members"},"content":{"rendered":"\t\t<div data-elementor-type=\"wp-page\" data-elementor-id=\"2547\" class=\"elementor elementor-2547 elementor-2546\" data-elementor-post-type=\"page\">\n\t\t\t\t<div class=\"elementor-element elementor-element-57e3a51 e-con-full e-flex e-con e-parent\" data-id=\"57e3a51\" data-element_type=\"container\" data-e-type=\"container\" data-settings=\"{&quot;background_background&quot;:&quot;classic&quot;}\">\n\t\t\t\t<div class=\"elementor-element elementor-element-4f0cc3d elementor-align-left elementor-widget elementor-widget-breadcrumbs\" data-id=\"4f0cc3d\" data-element_type=\"widget\" data-e-type=\"widget\" data-widget_type=\"breadcrumbs.default\">\n\t\t\t\t\t<p id=\"breadcrumbs\"><span><span><a href=\"https:\/\/www.cineaec.com\/en\/home\/\">Portada<\/a><\/span><\/span><\/p>\t\t\t\t<\/div>\n\t\t\t\t<\/div>\n\t\t<div class=\"elementor-element elementor-element-679c72c e-flex e-con-boxed e-con e-parent\" data-id=\"679c72c\" data-element_type=\"container\" data-e-type=\"container\" id=\"a\">\n\t\t\t\t\t<div class=\"e-con-inner\">\n\t\t\t\t<div class=\"elementor-element elementor-element-57dbd9a elementor-widget__width-initial elementor-widget elementor-widget-heading\" data-id=\"57dbd9a\" data-element_type=\"widget\" data-e-type=\"widget\" data-widget_type=\"heading.default\">\n\t\t\t\t\t<h1 class=\"elementor-heading-title elementor-size-default\">Honorary members of the ACS<\/h1>\t\t\t\t<\/div>\n\t\t\t\t<div class=\"elementor-element elementor-element-dade30b elementor-grid-tablet-4 elementor-grid-5 elementor-widget__width-initial elementor-grid-mobile-2 elementor-widget elementor-widget-loop-grid\" data-id=\"dade30b\" data-element_type=\"widget\" data-e-type=\"widget\" data-settings=\"{&quot;template_id&quot;:295,&quot;columns_tablet&quot;:4,&quot;row_gap&quot;:{&quot;unit&quot;:&quot;px&quot;,&quot;size&quot;:20,&quot;sizes&quot;:[]},&quot;row_gap_mobile&quot;:{&quot;unit&quot;:&quot;px&quot;,&quot;size&quot;:30,&quot;sizes&quot;:[]},&quot;columns&quot;:5,&quot;columns_mobile&quot;:2,&quot;_skin&quot;:&quot;post&quot;,&quot;edit_handle_selector&quot;:&quot;[data-elementor-type=\\&quot;loop-item\\&quot;]&quot;,&quot;row_gap_tablet&quot;:{&quot;unit&quot;:&quot;px&quot;,&quot;size&quot;:&quot;&quot;,&quot;sizes&quot;:[]}}\" data-widget_type=\"loop-grid.post\">\n\t\t\t\t<div class=\"elementor-widget-container\">\n\t\t\t\t\t\t\t<div class=\"elementor-loop-container elementor-grid\" role=\"list\">\n\t\t<style id=\"loop-295\">.elementor-295 .elementor-element.elementor-element-bb14dd4{--display:flex;--flex-direction:column;--container-widget-width:calc( ( 1 - var( --container-widget-flex-grow ) ) * 100% );--container-widget-height:initial;--container-widget-flex-grow:0;--container-widget-align-self:initial;--flex-wrap-mobile:wrap;--justify-content:flex-start;--align-items:center;--gap:5px 5px;--row-gap:5px;--column-gap:5px;--background-transition:0.3s;--padding-top:0px;--padding-bottom:0px;--padding-left:0px;--padding-right:0px;}.elementor-widget-theme-post-featured-image .widget-image-caption{color:var( --e-global-color-text );font-family:var( --e-global-typography-text-font-family ), Sans-serif;font-size:var( --e-global-typography-text-font-size );font-weight:var( --e-global-typography-text-font-weight );}.elementor-295 .elementor-element.elementor-element-31a2368{text-align:center;margin:0px 0px calc(var(--kit-widget-spacing, 0px) + 10px) 0px;background-color:var( --e-global-color-fb0bb8a );background-image:url(\"https:\/\/www.cineaec.com\/wp-content\/uploads\/2025\/11\/Plus_symbol.svg\");background-position:52% 50%;background-repeat:no-repeat;background-size:100px auto;border-radius:500px 500px 500px 500px;}.elementor-295 .elementor-element.elementor-element-31a2368 img{width:100%;max-width:100%;filter:brightness( 100% ) contrast( 100% ) saturate( 0% ) blur( 0px ) hue-rotate( 0deg );border-radius:500px 500px 500px 500px;}.elementor-295 .elementor-element.elementor-element-31a2368:hover{background-color:var( --e-global-color-accent );}.elementor-widget-heading .elementor-heading-title{font-family:var( --e-global-typography-primary-font-family ), Sans-serif;font-size:var( --e-global-typography-primary-font-size );font-weight:var( --e-global-typography-primary-font-weight );letter-spacing:var( --e-global-typography-primary-letter-spacing );color:var( --e-global-color-primary );}.elementor-295 .elementor-element.elementor-element-65d6be0{text-align:center;}.elementor-295 .elementor-element.elementor-element-65d6be0 .elementor-heading-title{font-family:\"Inter\", Sans-serif;font-size:17px;font-weight:700;}.elementor-295 .elementor-element.elementor-element-bf30df1{text-align:center;}.elementor-295 .elementor-element.elementor-element-bf30df1 .elementor-heading-title{font-family:\"Inter\", Sans-serif;font-size:16px;font-weight:300;}@media(max-width:1024px){.elementor-widget-theme-post-featured-image .widget-image-caption{font-size:var( --e-global-typography-text-font-size );}.elementor-295 .elementor-element.elementor-element-31a2368{background-position:50% 50%;background-size:80px auto;}.elementor-widget-heading .elementor-heading-title{font-size:var( --e-global-typography-primary-font-size );letter-spacing:var( --e-global-typography-primary-letter-spacing );}}@media(max-width:767px){.elementor-widget-theme-post-featured-image .widget-image-caption{font-size:var( --e-global-typography-text-font-size );}.elementor-295 .elementor-element.elementor-element-31a2368{background-position:50% 50%;background-size:50px auto;}.elementor-widget-heading .elementor-heading-title{font-size:var( --e-global-typography-primary-font-size );letter-spacing:var( --e-global-typography-primary-letter-spacing );}.elementor-295 .elementor-element.elementor-element-65d6be0 .elementor-heading-title{font-size:15px;}.elementor-295 .elementor-element.elementor-element-bf30df1 .elementor-heading-title{font-size:17px;}}\/* Start custom CSS for theme-post-featured-image, class: .elementor-element-31a2368 *\/.elementor-295 .elementor-element.elementor-element-31a2368 img {\n    min-width: 100% !important;\n    \n}\/* End custom CSS *\/\n\/* Start custom CSS for container, class: .elementor-element-bb14dd4 *\/.elementor-295 .elementor-element.elementor-element-bb14dd4:hover img {\n    opacity: 0 !important;\n}\/* End custom CSS *\/<\/style>\t\t<div data-elementor-type=\"loop-item\" data-elementor-id=\"295\" class=\"elementor elementor-295 e-loop-item e-loop-item-2542 post-2542 miembro type-miembro status-publish has-post-thumbnail hentry categoria-miembro-miembros-honorificos\" data-elementor-post-type=\"elementor_library\" data-custom-edit-handle=\"1\">\n\t\t\t<a class=\"elementor-element elementor-element-bb14dd4 e-con-full e-flex e-con e-parent\" data-id=\"bb14dd4\" data-element_type=\"container\" data-e-type=\"container\" href=\"https:\/\/www.cameraandlightmag.com\/\" target=\"_blank\">\n\t\t\t\t<div class=\"elementor-element elementor-element-31a2368 elementor-widget elementor-widget-theme-post-featured-image elementor-widget-image\" data-id=\"31a2368\" data-element_type=\"widget\" data-e-type=\"widget\" data-widget_type=\"theme-post-featured-image.default\">\n\t\t\t\t\t\t\t\t\t\t\t\t\t\t\t<img decoding=\"async\" src=\"https:\/\/www.cineaec.com\/wp-content\/uploads\/elementor\/thumbs\/Carmen-V.-Albert-rja8zmg4wp84a2t8oimzrdbnnxao88f3en0s6fq200.webp\" title=\"Carmen V. Albert\" alt=\"Carmen V. Albert\" loading=\"lazy\" \/>\t\t\t\t\t\t\t\t\t\t\t\t\t\t\t<\/div>\n\t\t\t\t<div class=\"elementor-element elementor-element-65d6be0 elementor-widget elementor-widget-heading\" data-id=\"65d6be0\" data-element_type=\"widget\" data-e-type=\"widget\" data-widget_type=\"heading.default\">\n\t\t\t\t\t<h3 class=\"elementor-heading-title elementor-size-default\">Carmen V. Albert<\/h3>\t\t\t\t<\/div>\n\t\t\t\t<div class=\"elementor-element elementor-element-bf30df1 cargo elementor-widget elementor-widget-heading\" data-id=\"bf30df1\" data-element_type=\"widget\" data-e-type=\"widget\" data-widget_type=\"heading.default\">\n\t\t\t\t\t<h3 class=\"elementor-heading-title elementor-size-default\">Directora de la revista Camera&amp;Light<\/h3>\t\t\t\t<\/div>\n\t\t\t\t<\/a>\n\t\t\t\t<\/div>\n\t\t\t\t<div data-elementor-type=\"loop-item\" data-elementor-id=\"295\" class=\"elementor elementor-295 e-loop-item e-loop-item-2545 post-2545 miembro type-miembro status-publish has-post-thumbnail hentry categoria-miembro-miembros-honorificos\" data-elementor-post-type=\"elementor_library\" data-custom-edit-handle=\"1\">\n\t\t\t<a class=\"elementor-element elementor-element-bb14dd4 e-con-full e-flex e-con e-parent\" data-id=\"bb14dd4\" data-element_type=\"container\" data-e-type=\"container\" href=\"https:\/\/www.imdb.com\/es\/name\/nm0005667\" target=\"_blank\">\n\t\t\t\t<div class=\"elementor-element elementor-element-31a2368 elementor-widget elementor-widget-theme-post-featured-image elementor-widget-image\" data-id=\"31a2368\" data-element_type=\"widget\" data-e-type=\"widget\" data-widget_type=\"theme-post-featured-image.default\">\n\t\t\t\t\t\t\t\t\t\t\t\t\t\t\t<img decoding=\"async\" src=\"https:\/\/www.cineaec.com\/wp-content\/uploads\/elementor\/thumbs\/Caroline_Champetier_Berlinale_2023-rja8zmg4wp84a2t8oimzrdbnnxao88f3en0s6fq200.webp\" title=\"Caroline_Champetier,_Berlinale_2023\" alt=\"Caroline_Champetier,_Berlinale_2023\" loading=\"lazy\" \/>\t\t\t\t\t\t\t\t\t\t\t\t\t\t\t<\/div>\n\t\t\t\t<div class=\"elementor-element elementor-element-65d6be0 elementor-widget elementor-widget-heading\" data-id=\"65d6be0\" data-element_type=\"widget\" data-e-type=\"widget\" data-widget_type=\"heading.default\">\n\t\t\t\t\t<h3 class=\"elementor-heading-title elementor-size-default\">Caroline Champetier AFC<\/h3>\t\t\t\t<\/div>\n\t\t\t\t<\/a>\n\t\t\t\t<\/div>\n\t\t\t\t<div data-elementor-type=\"loop-item\" data-elementor-id=\"295\" class=\"elementor elementor-295 e-loop-item e-loop-item-782 post-782 miembro type-miembro status-publish has-post-thumbnail hentry categoria-miembro-in-memoriam categoria-miembro-miembros-honorificos\" data-elementor-post-type=\"elementor_library\" data-custom-edit-handle=\"1\">\n\t\t\t<a class=\"elementor-element elementor-element-bb14dd4 e-con-full e-flex e-con e-parent\" data-id=\"bb14dd4\" data-element_type=\"container\" data-e-type=\"container\">\n\t\t\t\t<div class=\"elementor-element elementor-element-31a2368 elementor-widget elementor-widget-theme-post-featured-image elementor-widget-image\" data-id=\"31a2368\" data-element_type=\"widget\" data-e-type=\"widget\" data-widget_type=\"theme-post-featured-image.default\">\n\t\t\t\t\t\t\t\t\t\t\t\t\t\t\t<img decoding=\"async\" src=\"https:\/\/www.cineaec.com\/wp-content\/uploads\/elementor\/thumbs\/marine-1-rfbvtg18h86dk6bw67gggd0hmqrhxeoj5ugpo2vfs0.jpg\" title=\"marine\u0301-1\" alt=\"marine\u0301-1\" loading=\"lazy\" \/>\t\t\t\t\t\t\t\t\t\t\t\t\t\t\t<\/div>\n\t\t\t\t<div class=\"elementor-element elementor-element-65d6be0 elementor-widget elementor-widget-heading\" data-id=\"65d6be0\" data-element_type=\"widget\" data-e-type=\"widget\" data-widget_type=\"heading.default\">\n\t\t\t\t\t<h3 class=\"elementor-heading-title elementor-size-default\">Juan Marin\u00e9 AEC<\/h3>\t\t\t\t<\/div>\n\t\t\t\t<\/a>\n\t\t\t\t<\/div>\n\t\t\t\t<div data-elementor-type=\"loop-item\" data-elementor-id=\"295\" class=\"elementor elementor-295 e-loop-item e-loop-item-754 post-754 miembro type-miembro status-publish has-post-thumbnail hentry categoria-miembro-in-memoriam categoria-miembro-miembros-honorificos\" data-elementor-post-type=\"elementor_library\" data-custom-edit-handle=\"1\">\n\t\t\t<a class=\"elementor-element elementor-element-bb14dd4 e-con-full e-flex e-con e-parent\" data-id=\"bb14dd4\" data-element_type=\"container\" data-e-type=\"container\">\n\t\t\t\t<div class=\"elementor-element elementor-element-31a2368 elementor-widget elementor-widget-theme-post-featured-image elementor-widget-image\" data-id=\"31a2368\" data-element_type=\"widget\" data-e-type=\"widget\" data-widget_type=\"theme-post-featured-image.default\">\n\t\t\t\t\t\t\t\t\t\t\t\t\t\t\t<img decoding=\"async\" src=\"https:\/\/www.cineaec.com\/wp-content\/uploads\/elementor\/thumbs\/2021_Tomas-Pladevall-rfbv9ytmutigz2mfwscrs9ymharof7crtfshnnr4ps.jpg\" title=\"2021_Toma\u0300s-Pladevall\" alt=\"2021_Toma\u0300s-Pladevall\" loading=\"lazy\" \/>\t\t\t\t\t\t\t\t\t\t\t\t\t\t\t<\/div>\n\t\t\t\t<div class=\"elementor-element elementor-element-65d6be0 elementor-widget elementor-widget-heading\" data-id=\"65d6be0\" data-element_type=\"widget\" data-e-type=\"widget\" data-widget_type=\"heading.default\">\n\t\t\t\t\t<h3 class=\"elementor-heading-title elementor-size-default\">Tom\u00e1s Pladevall AEC<\/h3>\t\t\t\t<\/div>\n\t\t\t\t<\/a>\n\t\t\t\t<\/div>\n\t\t\t\t<\/div>\n\t\t\n\t\t\t\t\t\t<\/div>\n\t\t\t\t<\/div>\n\t\t\t\t\t<\/div>\n\t\t\t\t<\/div>\n\t\t\t\t<\/div>\n\t\t","protected":false},"excerpt":{"rendered":"<p>Honorary members of the ACS<\/p>\n","protected":false},"author":2,"featured_media":1825,"parent":1833,"menu_order":0,"comment_status":"closed","ping_status":"closed","template":"","meta":{"_acf_changed":false,"footnotes":""},"class_list":["post-2547","page","type-page","status-publish","has-post-thumbnail","hentry"],"acf":[],"yoast_head":"<!-- This site is optimized with the Yoast SEO plugin v27.2 - https:\/\/yoast.com\/product\/yoast-seo-wordpress\/ -->\n<title>AEC -% Honorary members of the ACS<\/title>\n<meta name=\"description\" content=\"The AEC is an organization focused on promoting the craft of filmmaking worldwide.\" \/>\n<meta name=\"robots\" content=\"index, follow, max-snippet:-1, max-image-preview:large, max-video-preview:-1\" \/>\n<link rel=\"canonical\" href=\"https:\/\/www.cineaec.com\/en\/aec-members\/emeritus-members-2\/\" \/>\n<meta property=\"og:locale\" content=\"en_US\" \/>\n<meta property=\"og:type\" content=\"article\" \/>\n<meta property=\"og:title\" content=\"AEC -% Honorary members of the ACS\" \/>\n<meta property=\"og:description\" content=\"The AEC is an organization focused on promoting the craft of filmmaking worldwide.\" \/>\n<meta property=\"og:url\" content=\"https:\/\/www.cineaec.com\/en\/aec-members\/emeritus-members-2\/\" \/>\n<meta property=\"og:site_name\" content=\"AEC\" \/>\n<meta property=\"article:modified_time\" content=\"2026-02-17T11:02:03+00:00\" \/>\n<meta property=\"og:image\" content=\"https:\/\/www.cineaec.com\/wp-content\/uploads\/2025\/11\/aec-junta-directiva.webp\" \/>\n\t<meta property=\"og:image:width\" content=\"1920\" \/>\n\t<meta property=\"og:image:height\" content=\"1188\" \/>\n\t<meta property=\"og:image:type\" content=\"image\/webp\" \/>\n<meta name=\"twitter:card\" content=\"summary_large_image\" \/>\n<script type=\"application\/ld+json\" class=\"yoast-schema-graph\">{\"@context\":\"https:\/\/schema.org\",\"@graph\":[{\"@type\":\"WebPage\",\"@id\":\"https:\/\/www.cineaec.com\/en\/aec-members\/emeritus-members-2\/\",\"url\":\"https:\/\/www.cineaec.com\/en\/aec-members\/emeritus-members-2\/\",\"name\":\"AEC -% Honorary members of the ACS\",\"isPartOf\":{\"@id\":\"https:\/\/www.cineaec.com\/en\/#website\"},\"primaryImageOfPage\":{\"@id\":\"https:\/\/www.cineaec.com\/en\/aec-members\/emeritus-members-2\/#primaryimage\"},\"image\":{\"@id\":\"https:\/\/www.cineaec.com\/en\/aec-members\/emeritus-members-2\/#primaryimage\"},\"thumbnailUrl\":\"https:\/\/www.cineaec.com\/wp-content\/uploads\/2025\/11\/aec-junta-directiva.webp\",\"datePublished\":\"2026-02-17T10:58:11+00:00\",\"dateModified\":\"2026-02-17T11:02:03+00:00\",\"description\":\"The AEC is an organization focused on promoting the craft of filmmaking worldwide.\",\"breadcrumb\":{\"@id\":\"https:\/\/www.cineaec.com\/en\/aec-members\/emeritus-members-2\/#breadcrumb\"},\"inLanguage\":\"en-US\",\"potentialAction\":[{\"@type\":\"ReadAction\",\"target\":[\"https:\/\/www.cineaec.com\/en\/aec-members\/emeritus-members-2\/\"]}]},{\"@type\":\"ImageObject\",\"inLanguage\":\"en-US\",\"@id\":\"https:\/\/www.cineaec.com\/en\/aec-members\/emeritus-members-2\/#primaryimage\",\"url\":\"https:\/\/www.cineaec.com\/wp-content\/uploads\/2025\/11\/aec-junta-directiva.webp\",\"contentUrl\":\"https:\/\/www.cineaec.com\/wp-content\/uploads\/2025\/11\/aec-junta-directiva.webp\",\"width\":1920,\"height\":1188},{\"@type\":\"BreadcrumbList\",\"@id\":\"https:\/\/www.cineaec.com\/en\/aec-members\/emeritus-members-2\/#breadcrumb\",\"itemListElement\":[{\"@type\":\"ListItem\",\"position\":1,\"name\":\"Portada\",\"item\":\"https:\/\/www.cineaec.com\/en\/home\/\"},{\"@type\":\"ListItem\",\"position\":2,\"name\":\"AEC Members\",\"item\":\"https:\/\/www.cineaec.com\/en\/miembros\/\"},{\"@type\":\"ListItem\",\"position\":3,\"name\":\"Honorary Members\"}]},{\"@type\":\"WebSite\",\"@id\":\"https:\/\/www.cineaec.com\/en\/#website\",\"url\":\"https:\/\/www.cineaec.com\/en\/\",\"name\":\"AEC\",\"description\":\"sociaci\u00f3n Espa\u00f1ola de Directoras y Directores de Fotograf\u00eda.\",\"publisher\":{\"@id\":\"https:\/\/www.cineaec.com\/en\/#organization\"},\"potentialAction\":[{\"@type\":\"SearchAction\",\"target\":{\"@type\":\"EntryPoint\",\"urlTemplate\":\"https:\/\/www.cineaec.com\/en\/?s={search_term_string}\"},\"query-input\":{\"@type\":\"PropertyValueSpecification\",\"valueRequired\":true,\"valueName\":\"search_term_string\"}}],\"inLanguage\":\"en-US\"},{\"@type\":\"Organization\",\"@id\":\"https:\/\/www.cineaec.com\/en\/#organization\",\"name\":\"AEC\",\"url\":\"https:\/\/www.cineaec.com\/en\/\",\"logo\":{\"@type\":\"ImageObject\",\"inLanguage\":\"en-US\",\"@id\":\"https:\/\/www.cineaec.com\/en\/#\/schema\/logo\/image\/\",\"url\":\"https:\/\/www.cineaec.com\/wp-content\/uploads\/2025\/11\/logo-AEC.svg\",\"contentUrl\":\"https:\/\/www.cineaec.com\/wp-content\/uploads\/2025\/11\/logo-AEC.svg\",\"caption\":\"AEC\"},\"image\":{\"@id\":\"https:\/\/www.cineaec.com\/en\/#\/schema\/logo\/image\/\"}}]}<\/script>\n<!-- \/ Yoast SEO plugin. -->","yoast_head_json":{"title":"AEC -% Honorary members of the ACS","description":"The AEC is an organization focused on promoting the craft of filmmaking worldwide.","robots":{"index":"index","follow":"follow","max-snippet":"max-snippet:-1","max-image-preview":"max-image-preview:large","max-video-preview":"max-video-preview:-1"},"canonical":"https:\/\/www.cineaec.com\/en\/aec-members\/emeritus-members-2\/","og_locale":"en_US","og_type":"article","og_title":"AEC -% Honorary members of the ACS","og_description":"The AEC is an organization focused on promoting the craft of filmmaking worldwide.","og_url":"https:\/\/www.cineaec.com\/en\/aec-members\/emeritus-members-2\/","og_site_name":"AEC","article_modified_time":"2026-02-17T11:02:03+00:00","og_image":[{"width":1920,"height":1188,"url":"https:\/\/www.cineaec.com\/wp-content\/uploads\/2025\/11\/aec-junta-directiva.webp","type":"image\/webp"}],"twitter_card":"summary_large_image","schema":{"@context":"https:\/\/schema.org","@graph":[{"@type":"WebPage","@id":"https:\/\/www.cineaec.com\/en\/aec-members\/emeritus-members-2\/","url":"https:\/\/www.cineaec.com\/en\/aec-members\/emeritus-members-2\/","name":"AEC -% Honorary members of the ACS","isPartOf":{"@id":"https:\/\/www.cineaec.com\/en\/#website"},"primaryImageOfPage":{"@id":"https:\/\/www.cineaec.com\/en\/aec-members\/emeritus-members-2\/#primaryimage"},"image":{"@id":"https:\/\/www.cineaec.com\/en\/aec-members\/emeritus-members-2\/#primaryimage"},"thumbnailUrl":"https:\/\/www.cineaec.com\/wp-content\/uploads\/2025\/11\/aec-junta-directiva.webp","datePublished":"2026-02-17T10:58:11+00:00","dateModified":"2026-02-17T11:02:03+00:00","description":"The AEC is an organization focused on promoting the craft of filmmaking worldwide.","breadcrumb":{"@id":"https:\/\/www.cineaec.com\/en\/aec-members\/emeritus-members-2\/#breadcrumb"},"inLanguage":"en-US","potentialAction":[{"@type":"ReadAction","target":["https:\/\/www.cineaec.com\/en\/aec-members\/emeritus-members-2\/"]}]},{"@type":"ImageObject","inLanguage":"en-US","@id":"https:\/\/www.cineaec.com\/en\/aec-members\/emeritus-members-2\/#primaryimage","url":"https:\/\/www.cineaec.com\/wp-content\/uploads\/2025\/11\/aec-junta-directiva.webp","contentUrl":"https:\/\/www.cineaec.com\/wp-content\/uploads\/2025\/11\/aec-junta-directiva.webp","width":1920,"height":1188},{"@type":"BreadcrumbList","@id":"https:\/\/www.cineaec.com\/en\/aec-members\/emeritus-members-2\/#breadcrumb","itemListElement":[{"@type":"ListItem","position":1,"name":"Portada","item":"https:\/\/www.cineaec.com\/en\/home\/"},{"@type":"ListItem","position":2,"name":"AEC Members","item":"https:\/\/www.cineaec.com\/en\/miembros\/"},{"@type":"ListItem","position":3,"name":"Honorary Members"}]},{"@type":"WebSite","@id":"https:\/\/www.cineaec.com\/en\/#website","url":"https:\/\/www.cineaec.com\/en\/","name":"AEC","description":"sociaci\u00f3n Espa\u00f1ola de Directoras y Directores de Fotograf\u00eda.","publisher":{"@id":"https:\/\/www.cineaec.com\/en\/#organization"},"potentialAction":[{"@type":"SearchAction","target":{"@type":"EntryPoint","urlTemplate":"https:\/\/www.cineaec.com\/en\/?s={search_term_string}"},"query-input":{"@type":"PropertyValueSpecification","valueRequired":true,"valueName":"search_term_string"}}],"inLanguage":"en-US"},{"@type":"Organization","@id":"https:\/\/www.cineaec.com\/en\/#organization","name":"AEC","url":"https:\/\/www.cineaec.com\/en\/","logo":{"@type":"ImageObject","inLanguage":"en-US","@id":"https:\/\/www.cineaec.com\/en\/#\/schema\/logo\/image\/","url":"https:\/\/www.cineaec.com\/wp-content\/uploads\/2025\/11\/logo-AEC.svg","contentUrl":"https:\/\/www.cineaec.com\/wp-content\/uploads\/2025\/11\/logo-AEC.svg","caption":"AEC"},"image":{"@id":"https:\/\/www.cineaec.com\/en\/#\/schema\/logo\/image\/"}}]}},"_links":{"self":[{"href":"https:\/\/www.cineaec.com\/en\/wp-json\/wp\/v2\/pages\/2547","targetHints":{"allow":["GET"]}}],"collection":[{"href":"https:\/\/www.cineaec.com\/en\/wp-json\/wp\/v2\/pages"}],"about":[{"href":"https:\/\/www.cineaec.com\/en\/wp-json\/wp\/v2\/types\/page"}],"author":[{"embeddable":true,"href":"https:\/\/www.cineaec.com\/en\/wp-json\/wp\/v2\/users\/2"}],"replies":[{"embeddable":true,"href":"https:\/\/www.cineaec.com\/en\/wp-json\/wp\/v2\/comments?post=2547"}],"version-history":[{"count":3,"href":"https:\/\/www.cineaec.com\/en\/wp-json\/wp\/v2\/pages\/2547\/revisions"}],"predecessor-version":[{"id":2559,"href":"https:\/\/www.cineaec.com\/en\/wp-json\/wp\/v2\/pages\/2547\/revisions\/2559"}],"up":[{"embeddable":true,"href":"https:\/\/www.cineaec.com\/en\/wp-json\/wp\/v2\/pages\/1833"}],"wp:featuredmedia":[{"embeddable":true,"href":"https:\/\/www.cineaec.com\/en\/wp-json\/wp\/v2\/media\/1825"}],"wp:attachment":[{"href":"https:\/\/www.cineaec.com\/en\/wp-json\/wp\/v2\/media?parent=2547"}],"curies":[{"name":"wp","href":"https:\/\/api.w.org\/{rel}","templated":true}]}}